{"id":1098,"date":"2023-04-25T18:43:44","date_gmt":"2023-04-25T18:43:44","guid":{"rendered":"http:\/\/vallegaia.de\/Valle_Gaia\/?page_id=1098"},"modified":"2023-06-19T21:47:58","modified_gmt":"2023-06-19T21:47:58","slug":"wurzelvilla","status":"publish","type":"page","link":"https:\/\/vallegaia.de\/Valle_Gaia\/wurzelvilla","title":{"rendered":"Wurzelvilla"},"content":{"rendered":"\n<p>Ein Ort. Zum Einfach~SEIN~d\u00fcrfen und Mal-nichts~denken~m\u00fcssen. Hineinkommen. Geborgen. Gehalten. Und getragen.&nbsp;Ein Ort zum F\u00fchlen und Wohlf\u00fchlen.&nbsp;Er w\u00e4chst in und aus Dankbarkeit. Weiter und weiter \u2026 Vielleicht zu einer Wurzelh\u00f6hle. Zum Krafttanken. Oder Heilwerden. Vielleicht beides. Vielleicht mehr \u2026 ich lasse mich weiter f\u00fchren und bin sehr gespannt auf das, was sie wird \u2026<\/p>\n\n\n\n<p><\/p>\n\n\n<style>.wp-block-kadence-advancedgallery .kb-gallery-type-masonry.kb-gallery-id-_0af4a2-22{margin:-5px;}.kb-gallery-type-masonry.kb-gallery-id-_0af4a2-22 .kadence-blocks-gallery-item{padding:5px;}.kb-gallery-id-_0af4a2-22 .kadence-blocks-gallery-item .kb-gal-image-radius, .kb-gallery-id-_0af4a2-22 .kb-slide-item .kb-gal-image-radius img{border-radius:0px 0px 0px 0px;;}<\/style><div class=\"kb-gallery-wrap-id-_0af4a2-22 alignnone wp-block-kadence-advancedgallery\"><ul class=\"kb-gallery-ul kb-gallery-non-static kb-gallery-type-masonry kb-masonry-init kb-gallery-id-_0af4a2-22 kb-gallery-caption-style-bottom-hover kb-gallery-filter-none\" data-image-filter=\"none\" data-item-selector=\".kadence-blocks-gallery-item\" data-lightbox-caption=\"true\" data-columns-xxl=\"3\" data-columns-xl=\"3\" data-columns-md=\"3\" data-columns-sm=\"2\" data-columns-xs=\"1\" data-columns-ss=\"1\"><li class=\"kadence-blocks-gallery-item\" tabindex=\"0\"><div class=\"kadence-blocks-gallery-item-inner\"><figure class=\"kb-gallery-figure kadence-blocks-gallery-item-hide-caption\"><div class=\"kb-gal-image-radius\" style=\"max-width:700px;\"><div class=\"kb-gallery-image-contain kadence-blocks-gallery-intrinsic\" style=\"padding-bottom:75%;\"><img loading=\"lazy\" decoding=\"async\" src=\"http:\/\/vallegaia.de\/wp-content\/uploads\/2023\/04\/IMG_4839-700x525.jpg\" width=\"700\" height=\"525\" alt=\"\" data-full-image=\"http:\/\/vallegaia.de\/wp-content\/uploads\/2023\/04\/IMG_4839-scaled.jpg\" data-light-image=\"http:\/\/vallegaia.de\/wp-content\/uploads\/2023\/04\/IMG_4839-scaled.jpg\" data-id=\"1099\" class=\"wp-image-1099\" srcset=\"https:\/\/vallegaia.de\/wp-content\/uploads\/2023\/04\/IMG_4839-700x525.jpg 700w, https:\/\/vallegaia.de\/wp-content\/uploads\/2023\/04\/IMG_4839-600x450.jpg 600w, https:\/\/vallegaia.de\/wp-content\/uploads\/2023\/04\/IMG_4839-300x225.jpg 300w, https:\/\/vallegaia.de\/wp-content\/uploads\/2023\/04\/IMG_4839-768x576.jpg 768w, https:\/\/vallegaia.de\/wp-content\/uploads\/2023\/04\/IMG_4839-1536x1152.jpg 1536w, https:\/\/vallegaia.de\/wp-content\/uploads\/2023\/04\/IMG_4839-2048x1536.jpg 2048w, https:\/\/vallegaia.de\/wp-content\/uploads\/2023\/04\/IMG_4839-800x600.jpg 800w, https:\/\/vallegaia.de\/wp-content\/uploads\/2023\/04\/IMG_4839-80x60.jpg 80w\" sizes=\"auto, (max-width: 700px) 100vw, 700px\" \/><\/div><\/div><\/figure><\/div><\/li><li class=\"kadence-blocks-gallery-item\" tabindex=\"0\"><div class=\"kadence-blocks-gallery-item-inner\"><figure class=\"kb-gallery-figure kadence-blocks-gallery-item-hide-caption\"><div class=\"kb-gal-image-radius\" style=\"max-width:700px;\"><div class=\"kb-gallery-image-contain kadence-blocks-gallery-intrinsic\" style=\"padding-bottom:75%;\"><img loading=\"lazy\" decoding=\"async\" src=\"http:\/\/vallegaia.de\/wp-content\/uploads\/2023\/04\/IMG_6301-700x525.jpg\" width=\"700\" height=\"525\" alt=\"\" data-full-image=\"http:\/\/vallegaia.de\/wp-content\/uploads\/2023\/04\/IMG_6301-scaled.jpg\" data-light-image=\"http:\/\/vallegaia.de\/wp-content\/uploads\/2023\/04\/IMG_6301-scaled.jpg\" data-id=\"1101\" class=\"wp-image-1101\" srcset=\"https:\/\/vallegaia.de\/wp-content\/uploads\/2023\/04\/IMG_6301-700x525.jpg 700w, https:\/\/vallegaia.de\/wp-content\/uploads\/2023\/04\/IMG_6301-600x450.jpg 600w, https:\/\/vallegaia.de\/wp-content\/uploads\/2023\/04\/IMG_6301-300x225.jpg 300w, https:\/\/vallegaia.de\/wp-content\/uploads\/2023\/04\/IMG_6301-768x576.jpg 768w, https:\/\/vallegaia.de\/wp-content\/uploads\/2023\/04\/IMG_6301-1536x1152.jpg 1536w, https:\/\/vallegaia.de\/wp-content\/uploads\/2023\/04\/IMG_6301-2048x1536.jpg 2048w, https:\/\/vallegaia.de\/wp-content\/uploads\/2023\/04\/IMG_6301-800x600.jpg 800w, https:\/\/vallegaia.de\/wp-content\/uploads\/2023\/04\/IMG_6301-80x60.jpg 80w\" sizes=\"auto, (max-width: 700px) 100vw, 700px\" \/><\/div><\/div><\/figure><\/div><\/li><li class=\"kadence-blocks-gallery-item\" tabindex=\"0\"><div class=\"kadence-blocks-gallery-item-inner\"><figure class=\"kb-gallery-figure kadence-blocks-gallery-item-hide-caption\"><div class=\"kb-gal-image-radius\" style=\"max-width:700px;\"><div class=\"kb-gallery-image-contain kadence-blocks-gallery-intrinsic\" style=\"padding-bottom:75%;\"><img loading=\"lazy\" decoding=\"async\" src=\"http:\/\/vallegaia.de\/wp-content\/uploads\/2023\/04\/IMG_6520-700x525.jpg\" width=\"700\" height=\"525\" alt=\"\" data-full-image=\"http:\/\/vallegaia.de\/wp-content\/uploads\/2023\/04\/IMG_6520-scaled.jpg\" data-light-image=\"http:\/\/vallegaia.de\/wp-content\/uploads\/2023\/04\/IMG_6520-scaled.jpg\" data-id=\"1103\" class=\"wp-image-1103\" srcset=\"https:\/\/vallegaia.de\/wp-content\/uploads\/2023\/04\/IMG_6520-700x525.jpg 700w, https:\/\/vallegaia.de\/wp-content\/uploads\/2023\/04\/IMG_6520-600x450.jpg 600w, https:\/\/vallegaia.de\/wp-content\/uploads\/2023\/04\/IMG_6520-300x225.jpg 300w, https:\/\/vallegaia.de\/wp-content\/uploads\/2023\/04\/IMG_6520-768x576.jpg 768w, https:\/\/vallegaia.de\/wp-content\/uploads\/2023\/04\/IMG_6520-1536x1152.jpg 1536w, https:\/\/vallegaia.de\/wp-content\/uploads\/2023\/04\/IMG_6520-2048x1536.jpg 2048w, https:\/\/vallegaia.de\/wp-content\/uploads\/2023\/04\/IMG_6520-800x600.jpg 800w, https:\/\/vallegaia.de\/wp-content\/uploads\/2023\/04\/IMG_6520-80x60.jpg 80w\" sizes=\"auto, (max-width: 700px) 100vw, 700px\" \/><\/div><\/div><\/figure><\/div><\/li><\/ul><\/div>\n\n\n<figure class=\"wp-block-gallery has-nested-images columns-default is-cropped wp-block-gallery-2 is-layout-flex wp-block-gallery-is-layout-flex\">\n<figure class=\"wp-block-image size-large\"><img loading=\"lazy\" decoding=\"async\" width=\"700\" height=\"525\" data-id=\"1125\" src=\"http:\/\/vallegaia.de\/wp-content\/uploads\/2023\/06\/IMG_7650-700x525.jpeg\" alt=\"\" class=\"wp-image-1125\" srcset=\"https:\/\/vallegaia.de\/wp-content\/uploads\/2023\/06\/IMG_7650-700x525.jpeg 700w, https:\/\/vallegaia.de\/wp-content\/uploads\/2023\/06\/IMG_7650-600x450.jpeg 600w, https:\/\/vallegaia.de\/wp-content\/uploads\/2023\/06\/IMG_7650-300x225.jpeg 300w, https:\/\/vallegaia.de\/wp-content\/uploads\/2023\/06\/IMG_7650-768x576.jpeg 768w, https:\/\/vallegaia.de\/wp-content\/uploads\/2023\/06\/IMG_7650-1536x1152.jpeg 1536w, https:\/\/vallegaia.de\/wp-content\/uploads\/2023\/06\/IMG_7650-2048x1536.jpeg 2048w, https:\/\/vallegaia.de\/wp-content\/uploads\/2023\/06\/IMG_7650-800x600.jpeg 800w, https:\/\/vallegaia.de\/wp-content\/uploads\/2023\/06\/IMG_7650-80x60.jpeg 80w\" sizes=\"auto, (max-width: 700px) 100vw, 700px\" \/><\/figure>\n\n\n\n<figure class=\"wp-block-image size-large\"><img loading=\"lazy\" decoding=\"async\" width=\"700\" height=\"986\" data-id=\"1131\" src=\"http:\/\/vallegaia.de\/wp-content\/uploads\/2023\/06\/IMG_7652-700x986.jpeg\" alt=\"\" class=\"wp-image-1131\" srcset=\"https:\/\/vallegaia.de\/wp-content\/uploads\/2023\/06\/IMG_7652-700x986.jpeg 700w, https:\/\/vallegaia.de\/wp-content\/uploads\/2023\/06\/IMG_7652-426x600.jpeg 426w, https:\/\/vallegaia.de\/wp-content\/uploads\/2023\/06\/IMG_7652-213x300.jpeg 213w, https:\/\/vallegaia.de\/wp-content\/uploads\/2023\/06\/IMG_7652-768x1082.jpeg 768w, https:\/\/vallegaia.de\/wp-content\/uploads\/2023\/06\/IMG_7652-1090x1536.jpeg 1090w, https:\/\/vallegaia.de\/wp-content\/uploads\/2023\/06\/IMG_7652-1454x2048.jpeg 1454w, https:\/\/vallegaia.de\/wp-content\/uploads\/2023\/06\/IMG_7652-800x1127.jpeg 800w, https:\/\/vallegaia.de\/wp-content\/uploads\/2023\/06\/IMG_7652-scaled.jpeg 1817w\" sizes=\"auto, (max-width: 700px) 100vw, 700px\" \/><\/figure>\n\n\n\n<figure class=\"wp-block-image size-large\"><img loading=\"lazy\" decoding=\"async\" width=\"700\" height=\"933\" data-id=\"1127\" src=\"http:\/\/vallegaia.de\/wp-content\/uploads\/2023\/06\/IMG_7648-700x933.jpeg\" alt=\"\" class=\"wp-image-1127\" srcset=\"https:\/\/vallegaia.de\/wp-content\/uploads\/2023\/06\/IMG_7648-700x933.jpeg 700w, https:\/\/vallegaia.de\/wp-content\/uploads\/2023\/06\/IMG_7648-450x600.jpeg 450w, https:\/\/vallegaia.de\/wp-content\/uploads\/2023\/06\/IMG_7648-225x300.jpeg 225w, https:\/\/vallegaia.de\/wp-content\/uploads\/2023\/06\/IMG_7648-768x1024.jpeg 768w, https:\/\/vallegaia.de\/wp-content\/uploads\/2023\/06\/IMG_7648-1152x1536.jpeg 1152w, https:\/\/vallegaia.de\/wp-content\/uploads\/2023\/06\/IMG_7648-1536x2048.jpeg 1536w, https:\/\/vallegaia.de\/wp-content\/uploads\/2023\/06\/IMG_7648-800x1067.jpeg 800w, https:\/\/vallegaia.de\/wp-content\/uploads\/2023\/06\/IMG_7648-scaled.jpeg 1920w\" sizes=\"auto, (max-width: 700px) 100vw, 700px\" \/><\/figure>\n\n\n\n<figure class=\"wp-block-image size-large\"><img loading=\"lazy\" decoding=\"async\" width=\"700\" height=\"933\" data-id=\"1130\" src=\"http:\/\/vallegaia.de\/wp-content\/uploads\/2023\/06\/IMG_7504-700x933.jpeg\" alt=\"\" class=\"wp-image-1130\" srcset=\"https:\/\/vallegaia.de\/wp-content\/uploads\/2023\/06\/IMG_7504-700x933.jpeg 700w, https:\/\/vallegaia.de\/wp-content\/uploads\/2023\/06\/IMG_7504-450x600.jpeg 450w, https:\/\/vallegaia.de\/wp-content\/uploads\/2023\/06\/IMG_7504-225x300.jpeg 225w, https:\/\/vallegaia.de\/wp-content\/uploads\/2023\/06\/IMG_7504-768x1024.jpeg 768w, https:\/\/vallegaia.de\/wp-content\/uploads\/2023\/06\/IMG_7504-1152x1536.jpeg 1152w, https:\/\/vallegaia.de\/wp-content\/uploads\/2023\/06\/IMG_7504-1536x2048.jpeg 1536w, https:\/\/vallegaia.de\/wp-content\/uploads\/2023\/06\/IMG_7504-800x1067.jpeg 800w, https:\/\/vallegaia.de\/wp-content\/uploads\/2023\/06\/IMG_7504-scaled.jpeg 1920w\" sizes=\"auto, (max-width: 700px) 100vw, 700px\" \/><\/figure>\n\n\n\n<figure class=\"wp-block-image size-large\"><img loading=\"lazy\" decoding=\"async\" width=\"700\" height=\"525\" data-id=\"1128\" src=\"http:\/\/vallegaia.de\/wp-content\/uploads\/2023\/06\/IMG_7502-700x525.jpeg\" alt=\"\" class=\"wp-image-1128\" srcset=\"https:\/\/vallegaia.de\/wp-content\/uploads\/2023\/06\/IMG_7502-700x525.jpeg 700w, https:\/\/vallegaia.de\/wp-content\/uploads\/2023\/06\/IMG_7502-600x450.jpeg 600w, https:\/\/vallegaia.de\/wp-content\/uploads\/2023\/06\/IMG_7502-300x225.jpeg 300w, https:\/\/vallegaia.de\/wp-content\/uploads\/2023\/06\/IMG_7502-768x576.jpeg 768w, https:\/\/vallegaia.de\/wp-content\/uploads\/2023\/06\/IMG_7502-1536x1152.jpeg 1536w, https:\/\/vallegaia.de\/wp-content\/uploads\/2023\/06\/IMG_7502-2048x1536.jpeg 2048w, https:\/\/vallegaia.de\/wp-content\/uploads\/2023\/06\/IMG_7502-800x600.jpeg 800w, https:\/\/vallegaia.de\/wp-content\/uploads\/2023\/06\/IMG_7502-80x60.jpeg 80w\" sizes=\"auto, (max-width: 700px) 100vw, 700px\" \/><\/figure>\n\n\n\n<figure class=\"wp-block-image size-large\"><img loading=\"lazy\" decoding=\"async\" width=\"700\" height=\"933\" data-id=\"1126\" src=\"http:\/\/vallegaia.de\/wp-content\/uploads\/2023\/06\/IMG_7600-700x933.jpeg\" alt=\"\" class=\"wp-image-1126\" srcset=\"https:\/\/vallegaia.de\/wp-content\/uploads\/2023\/06\/IMG_7600-700x933.jpeg 700w, https:\/\/vallegaia.de\/wp-content\/uploads\/2023\/06\/IMG_7600-450x600.jpeg 450w, https:\/\/vallegaia.de\/wp-content\/uploads\/2023\/06\/IMG_7600-225x300.jpeg 225w, https:\/\/vallegaia.de\/wp-content\/uploads\/2023\/06\/IMG_7600-768x1024.jpeg 768w, https:\/\/vallegaia.de\/wp-content\/uploads\/2023\/06\/IMG_7600-1152x1536.jpeg 1152w, https:\/\/vallegaia.de\/wp-content\/uploads\/2023\/06\/IMG_7600-1536x2048.jpeg 1536w, https:\/\/vallegaia.de\/wp-content\/uploads\/2023\/06\/IMG_7600-800x1067.jpeg 800w, https:\/\/vallegaia.de\/wp-content\/uploads\/2023\/06\/IMG_7600-scaled.jpeg 1920w\" sizes=\"auto, (max-width: 700px) 100vw, 700px\" \/><\/figure>\n\n\n\n<figure class=\"wp-block-image size-large\"><img loading=\"lazy\" decoding=\"async\" width=\"700\" height=\"933\" data-id=\"1129\" src=\"http:\/\/vallegaia.de\/wp-content\/uploads\/2023\/06\/IMG_7480-700x933.jpeg\" alt=\"\" class=\"wp-image-1129\" srcset=\"https:\/\/vallegaia.de\/wp-content\/uploads\/2023\/06\/IMG_7480-700x933.jpeg 700w, https:\/\/vallegaia.de\/wp-content\/uploads\/2023\/06\/IMG_7480-450x600.jpeg 450w, https:\/\/vallegaia.de\/wp-content\/uploads\/2023\/06\/IMG_7480-225x300.jpeg 225w, https:\/\/vallegaia.de\/wp-content\/uploads\/2023\/06\/IMG_7480-768x1024.jpeg 768w, https:\/\/vallegaia.de\/wp-content\/uploads\/2023\/06\/IMG_7480-1152x1536.jpeg 1152w, https:\/\/vallegaia.de\/wp-content\/uploads\/2023\/06\/IMG_7480-1536x2048.jpeg 1536w, https:\/\/vallegaia.de\/wp-content\/uploads\/2023\/06\/IMG_7480-800x1067.jpeg 800w, https:\/\/vallegaia.de\/wp-content\/uploads\/2023\/06\/IMG_7480-scaled.jpeg 1920w\" sizes=\"auto, (max-width: 700px) 100vw, 700px\" \/><\/figure>\n\n\n\n<figure class=\"wp-block-image size-large\"><img loading=\"lazy\" decoding=\"async\" width=\"700\" height=\"525\" data-id=\"1132\" src=\"http:\/\/vallegaia.de\/wp-content\/uploads\/2023\/06\/IMG_7476-700x525.jpeg\" alt=\"\" class=\"wp-image-1132\" srcset=\"https:\/\/vallegaia.de\/wp-content\/uploads\/2023\/06\/IMG_7476-700x525.jpeg 700w, https:\/\/vallegaia.de\/wp-content\/uploads\/2023\/06\/IMG_7476-600x450.jpeg 600w, https:\/\/vallegaia.de\/wp-content\/uploads\/2023\/06\/IMG_7476-300x225.jpeg 300w, https:\/\/vallegaia.de\/wp-content\/uploads\/2023\/06\/IMG_7476-768x576.jpeg 768w, https:\/\/vallegaia.de\/wp-content\/uploads\/2023\/06\/IMG_7476-1536x1152.jpeg 1536w, https:\/\/vallegaia.de\/wp-content\/uploads\/2023\/06\/IMG_7476-2048x1536.jpeg 2048w, https:\/\/vallegaia.de\/wp-content\/uploads\/2023\/06\/IMG_7476-800x600.jpeg 800w, https:\/\/vallegaia.de\/wp-content\/uploads\/2023\/06\/IMG_7476-80x60.jpeg 80w\" sizes=\"auto, (max-width: 700px) 100vw, 700px\" \/><\/figure>\n\n\n\n<figure class=\"wp-block-image size-large\"><img loading=\"lazy\" decoding=\"async\" width=\"700\" height=\"525\" data-id=\"1134\" src=\"http:\/\/vallegaia.de\/wp-content\/uploads\/2023\/06\/IMG_6025-700x525.jpeg\" alt=\"\" class=\"wp-image-1134\" srcset=\"https:\/\/vallegaia.de\/wp-content\/uploads\/2023\/06\/IMG_6025-700x525.jpeg 700w, https:\/\/vallegaia.de\/wp-content\/uploads\/2023\/06\/IMG_6025-600x450.jpeg 600w, https:\/\/vallegaia.de\/wp-content\/uploads\/2023\/06\/IMG_6025-300x225.jpeg 300w, https:\/\/vallegaia.de\/wp-content\/uploads\/2023\/06\/IMG_6025-768x576.jpeg 768w, https:\/\/vallegaia.de\/wp-content\/uploads\/2023\/06\/IMG_6025-1536x1152.jpeg 1536w, https:\/\/vallegaia.de\/wp-content\/uploads\/2023\/06\/IMG_6025-2048x1536.jpeg 2048w, https:\/\/vallegaia.de\/wp-content\/uploads\/2023\/06\/IMG_6025-800x600.jpeg 800w, https:\/\/vallegaia.de\/wp-content\/uploads\/2023\/06\/IMG_6025-80x60.jpeg 80w\" sizes=\"auto, (max-width: 700px) 100vw, 700px\" \/><\/figure>\n\n\n\n<figure class=\"wp-block-image size-large\"><img loading=\"lazy\" decoding=\"async\" width=\"700\" height=\"525\" data-id=\"1135\" src=\"http:\/\/vallegaia.de\/wp-content\/uploads\/2023\/06\/IMG_5750-700x525.jpeg\" alt=\"\" class=\"wp-image-1135\" srcset=\"https:\/\/vallegaia.de\/wp-content\/uploads\/2023\/06\/IMG_5750-700x525.jpeg 700w, https:\/\/vallegaia.de\/wp-content\/uploads\/2023\/06\/IMG_5750-600x450.jpeg 600w, https:\/\/vallegaia.de\/wp-content\/uploads\/2023\/06\/IMG_5750-300x225.jpeg 300w, https:\/\/vallegaia.de\/wp-content\/uploads\/2023\/06\/IMG_5750-768x576.jpeg 768w, https:\/\/vallegaia.de\/wp-content\/uploads\/2023\/06\/IMG_5750-1536x1152.jpeg 1536w, https:\/\/vallegaia.de\/wp-content\/uploads\/2023\/06\/IMG_5750-2048x1536.jpeg 2048w, https:\/\/vallegaia.de\/wp-content\/uploads\/2023\/06\/IMG_5750-800x600.jpeg 800w, https:\/\/vallegaia.de\/wp-content\/uploads\/2023\/06\/IMG_5750-80x60.jpeg 80w\" sizes=\"auto, (max-width: 700px) 100vw, 700px\" \/><\/figure>\n\n\n\n<figure class=\"wp-block-image size-large\"><img loading=\"lazy\" decoding=\"async\" width=\"700\" height=\"525\" data-id=\"1133\" src=\"http:\/\/vallegaia.de\/wp-content\/uploads\/2023\/06\/IMG_4650-700x525.jpeg\" alt=\"\" class=\"wp-image-1133\" srcset=\"https:\/\/vallegaia.de\/wp-content\/uploads\/2023\/06\/IMG_4650-700x525.jpeg 700w, https:\/\/vallegaia.de\/wp-content\/uploads\/2023\/06\/IMG_4650-600x450.jpeg 600w, https:\/\/vallegaia.de\/wp-content\/uploads\/2023\/06\/IMG_4650-300x225.jpeg 300w, https:\/\/vallegaia.de\/wp-content\/uploads\/2023\/06\/IMG_4650-768x576.jpeg 768w, https:\/\/vallegaia.de\/wp-content\/uploads\/2023\/06\/IMG_4650-1536x1152.jpeg 1536w, https:\/\/vallegaia.de\/wp-content\/uploads\/2023\/06\/IMG_4650-2048x1536.jpeg 2048w, https:\/\/vallegaia.de\/wp-content\/uploads\/2023\/06\/IMG_4650-800x600.jpeg 800w, https:\/\/vallegaia.de\/wp-content\/uploads\/2023\/06\/IMG_4650-80x60.jpeg 80w\" sizes=\"auto, (max-width: 700px) 100vw, 700px\" \/><\/figure>\n\n\n\n<figure class=\"wp-block-image size-large\"><img loading=\"lazy\" decoding=\"async\" width=\"700\" height=\"1245\" data-id=\"1140\" src=\"http:\/\/vallegaia.de\/wp-content\/uploads\/2023\/06\/IMG_4645-700x1245.png\" alt=\"\" class=\"wp-image-1140\" srcset=\"https:\/\/vallegaia.de\/wp-content\/uploads\/2023\/06\/IMG_4645-700x1245.png 700w, https:\/\/vallegaia.de\/wp-content\/uploads\/2023\/06\/IMG_4645-337x600.png 337w, https:\/\/vallegaia.de\/wp-content\/uploads\/2023\/06\/IMG_4645-169x300.png 169w, https:\/\/vallegaia.de\/wp-content\/uploads\/2023\/06\/IMG_4645.png 750w\" sizes=\"auto, (max-width: 700px) 100vw, 700px\" \/><\/figure>\n\n\n\n<figure class=\"wp-block-image size-large\"><img loading=\"lazy\" decoding=\"async\" width=\"700\" height=\"933\" data-id=\"1139\" src=\"http:\/\/vallegaia.de\/wp-content\/uploads\/2023\/06\/IMG_4638-700x933.jpeg\" alt=\"\" class=\"wp-image-1139\" srcset=\"https:\/\/vallegaia.de\/wp-content\/uploads\/2023\/06\/IMG_4638-700x933.jpeg 700w, https:\/\/vallegaia.de\/wp-content\/uploads\/2023\/06\/IMG_4638-450x600.jpeg 450w, https:\/\/vallegaia.de\/wp-content\/uploads\/2023\/06\/IMG_4638-225x300.jpeg 225w, https:\/\/vallegaia.de\/wp-content\/uploads\/2023\/06\/IMG_4638-768x1024.jpeg 768w, https:\/\/vallegaia.de\/wp-content\/uploads\/2023\/06\/IMG_4638-1152x1536.jpeg 1152w, https:\/\/vallegaia.de\/wp-content\/uploads\/2023\/06\/IMG_4638-1536x2048.jpeg 1536w, https:\/\/vallegaia.de\/wp-content\/uploads\/2023\/06\/IMG_4638-800x1067.jpeg 800w, https:\/\/vallegaia.de\/wp-content\/uploads\/2023\/06\/IMG_4638-scaled.jpeg 1920w\" sizes=\"auto, (max-width: 700px) 100vw, 700px\" \/><\/figure>\n\n\n\n<figure class=\"wp-block-image size-large\"><img loading=\"lazy\" decoding=\"async\" width=\"700\" height=\"1245\" data-id=\"1136\" src=\"http:\/\/vallegaia.de\/wp-content\/uploads\/2023\/06\/IMG_4637-700x1245.png\" alt=\"\" class=\"wp-image-1136\" srcset=\"https:\/\/vallegaia.de\/wp-content\/uploads\/2023\/06\/IMG_4637-700x1245.png 700w, https:\/\/vallegaia.de\/wp-content\/uploads\/2023\/06\/IMG_4637-337x600.png 337w, https:\/\/vallegaia.de\/wp-content\/uploads\/2023\/06\/IMG_4637-169x300.png 169w, https:\/\/vallegaia.de\/wp-content\/uploads\/2023\/06\/IMG_4637.png 750w\" sizes=\"auto, (max-width: 700px) 100vw, 700px\" \/><\/figure>\n\n\n\n<figure class=\"wp-block-image size-large\"><img loading=\"lazy\" decoding=\"async\" width=\"700\" height=\"525\" data-id=\"1138\" src=\"http:\/\/vallegaia.de\/wp-content\/uploads\/2023\/06\/IMG_4632-700x525.jpeg\" alt=\"\" class=\"wp-image-1138\" srcset=\"https:\/\/vallegaia.de\/wp-content\/uploads\/2023\/06\/IMG_4632-700x525.jpeg 700w, https:\/\/vallegaia.de\/wp-content\/uploads\/2023\/06\/IMG_4632-600x450.jpeg 600w, https:\/\/vallegaia.de\/wp-content\/uploads\/2023\/06\/IMG_4632-300x225.jpeg 300w, https:\/\/vallegaia.de\/wp-content\/uploads\/2023\/06\/IMG_4632-768x576.jpeg 768w, https:\/\/vallegaia.de\/wp-content\/uploads\/2023\/06\/IMG_4632-1536x1152.jpeg 1536w, https:\/\/vallegaia.de\/wp-content\/uploads\/2023\/06\/IMG_4632-2048x1536.jpeg 2048w, https:\/\/vallegaia.de\/wp-content\/uploads\/2023\/06\/IMG_4632-800x600.jpeg 800w, https:\/\/vallegaia.de\/wp-content\/uploads\/2023\/06\/IMG_4632-80x60.jpeg 80w\" sizes=\"auto, (max-width: 700px) 100vw, 700px\" \/><\/figure>\n\n\n\n<figure class=\"wp-block-image size-large\"><img loading=\"lazy\" decoding=\"async\" width=\"700\" height=\"919\" data-id=\"1137\" src=\"http:\/\/vallegaia.de\/wp-content\/uploads\/2023\/06\/IMG_4596-700x919.jpeg\" alt=\"\" class=\"wp-image-1137\" srcset=\"https:\/\/vallegaia.de\/wp-content\/uploads\/2023\/06\/IMG_4596-700x919.jpeg 700w, https:\/\/vallegaia.de\/wp-content\/uploads\/2023\/06\/IMG_4596-457x600.jpeg 457w, https:\/\/vallegaia.de\/wp-content\/uploads\/2023\/06\/IMG_4596-229x300.jpeg 229w, https:\/\/vallegaia.de\/wp-content\/uploads\/2023\/06\/IMG_4596.jpeg 749w\" sizes=\"auto, (max-width: 700px) 100vw, 700px\" \/><\/figure>\n\n\n\n<figure class=\"wp-block-image size-large\"><img loading=\"lazy\" decoding=\"async\" width=\"700\" height=\"1245\" data-id=\"1141\" src=\"http:\/\/vallegaia.de\/wp-content\/uploads\/2023\/06\/IMG_4630-700x1245.png\" alt=\"\" class=\"wp-image-1141\" srcset=\"https:\/\/vallegaia.de\/wp-content\/uploads\/2023\/06\/IMG_4630-700x1245.png 700w, https:\/\/vallegaia.de\/wp-content\/uploads\/2023\/06\/IMG_4630-337x600.png 337w, https:\/\/vallegaia.de\/wp-content\/uploads\/2023\/06\/IMG_4630-169x300.png 169w, https:\/\/vallegaia.de\/wp-content\/uploads\/2023\/06\/IMG_4630.png 750w\" sizes=\"auto, (max-width: 700px) 100vw, 700px\" \/><\/figure>\n<\/figure>\n\n\n\n<p>Und w\u00e4hrend sich die Wurzelvilla mehr und mehr zu einem wundersch\u00f6nen<\/p>\n\n\n\n<p>\u201eEnt-Bindungsraum\u201c entpuppt, in dem sich Selbst-Bewusstsein in aller Ruhe und Geborgenheit entbinden darf und geboren werden, wachsen weitere Wunder-volle Erkenntnisse und diese zu weiteren Wunder-vollen, nahezu magischen Ideen heran.<\/p>\n\n\n\n<p>F\u00fcr mich, f\u00fcr dich, f\u00fcr jeden.<\/p>\n\n\n\n<p>Weil Leben immer wieder auch Geburt bedeutet \u2026<\/p>\n","protected":false},"excerpt":{"rendered":"<p>Ein Ort. Zum Einfach~SEIN~d\u00fcrfen und Mal-nichts~denken~m\u00fcssen. Hineinkommen. Geborgen. Gehalten. Und getragen.&nbsp;Ein Ort zum F\u00fchlen und Wohlf\u00fchlen.&nbsp;Er w\u00e4chst in und aus Dankbarkeit. Weiter und weiter \u2026 Vielleicht zu einer Wurzelh\u00f6hle. Zum Krafttanken. Oder Heilwerden. Vielleicht beides. Vielleicht mehr \u2026 ich lasse mich weiter f\u00fchren und bin sehr gespannt auf das, was sie wird \u2026 Und w\u00e4hrend&#8230;<\/p>\n","protected":false},"author":1,"featured_media":0,"parent":0,"menu_order":0,"comment_status":"closed","ping_status":"closed","template":"","meta":{"footnotes":""},"class_list":["post-1098","page","type-page","status-publish","hentry"],"_links":{"self":[{"href":"https:\/\/vallegaia.de\/Valle_Gaia\/wp-json\/wp\/v2\/pages\/1098","targetHints":{"allow":["GET"]}}],"collection":[{"href":"https:\/\/vallegaia.de\/Valle_Gaia\/wp-json\/wp\/v2\/pages"}],"about":[{"href":"https:\/\/vallegaia.de\/Valle_Gaia\/wp-json\/wp\/v2\/types\/page"}],"author":[{"embeddable":true,"href":"https:\/\/vallegaia.de\/Valle_Gaia\/wp-json\/wp\/v2\/users\/1"}],"replies":[{"embeddable":true,"href":"https:\/\/vallegaia.de\/Valle_Gaia\/wp-json\/wp\/v2\/comments?post=1098"}],"version-history":[{"count":3,"href":"https:\/\/vallegaia.de\/Valle_Gaia\/wp-json\/wp\/v2\/pages\/1098\/revisions"}],"predecessor-version":[{"id":1143,"href":"https:\/\/vallegaia.de\/Valle_Gaia\/wp-json\/wp\/v2\/pages\/1098\/revisions\/1143"}],"wp:attachment":[{"href":"https:\/\/vallegaia.de\/Valle_Gaia\/wp-json\/wp\/v2\/media?parent=1098"}],"curies":[{"name":"wp","href":"https:\/\/api.w.org\/{rel}","templated":true}]}}