{"id":1173,"date":"2023-10-28T18:21:49","date_gmt":"2023-10-28T18:21:49","guid":{"rendered":"http:\/\/vallegaia.de\/Valle_Gaia\/?page_id=1173"},"modified":"2023-11-04T22:05:18","modified_gmt":"2023-11-04T22:05:18","slug":"geistfunken","status":"publish","type":"page","link":"https:\/\/vallegaia.de\/Valle_Gaia\/geistfunken","title":{"rendered":"Geistfunken"},"content":{"rendered":"\n<p>Auf dieser neuen Seite teile ich ab sofort die ganz besonderen Eingebungen mit dir, \u00fcber die ich mich selbst immer besonders doll freue. Pl\u00f6tzlich da. In Momenten, in denen ich ganz wenig abgelenkt bin von \u00c4u\u00dferem. Konzentriert. In Momenten, in denen sich gef\u00fchlt alle Schleier erheben und sich mir eine Wirklichkeit offenbart. Gedanken, die \u201eirgendwie anders\u201c sind. Einer anderen Ebene entspringen. Gedanken, die meinen Geist \u201edurchstreifen\u201c. Worte, die ihn ber\u00fchren (oder er sie \u2026). Und meinen gesamten K\u00f6rper durch und durch. Worte, die sich einfach WAHR anf\u00fchlen. Und dann lasse ich sie flie\u00dfen. Dann ist es, als w\u00fcrde ich Physik nicht nur beginnen zu verstehen, dann kann ich sie f\u00fchlen. Und dann ist pl\u00f6tzlich alles so klar und so logisch. \u2026<\/p>\n\n\n\n<p>Mit meiner zarten Annahme dessen, dass auch f\u00fcr dich ein wenig Inspiration dabei sein k\u00f6nnte \u2026<\/p>\n\n\n\n<figure class=\"wp-block-image size-large\"><img loading=\"lazy\" decoding=\"async\" width=\"700\" height=\"1245\" src=\"http:\/\/vallegaia.de\/wp-content\/uploads\/2023\/10\/IMG_9784-700x1245.png\" alt=\"\" class=\"wp-image-1248\" srcset=\"https:\/\/vallegaia.de\/wp-content\/uploads\/2023\/10\/IMG_9784-700x1245.png 700w, https:\/\/vallegaia.de\/wp-content\/uploads\/2023\/10\/IMG_9784-337x600.png 337w, https:\/\/vallegaia.de\/wp-content\/uploads\/2023\/10\/IMG_9784-169x300.png 169w, https:\/\/vallegaia.de\/wp-content\/uploads\/2023\/10\/IMG_9784.png 750w\" sizes=\"auto, (max-width: 700px) 100vw, 700px\" \/><\/figure>\n\n\n\n<p> <\/p>\n\n\n\n<figure class=\"wp-block-image size-large\"><img loading=\"lazy\" decoding=\"async\" width=\"700\" height=\"1245\" src=\"http:\/\/vallegaia.de\/wp-content\/uploads\/2023\/10\/IMG_9757-700x1245.png\" alt=\"\" class=\"wp-image-1174\" srcset=\"https:\/\/vallegaia.de\/wp-content\/uploads\/2023\/10\/IMG_9757-700x1245.png 700w, https:\/\/vallegaia.de\/wp-content\/uploads\/2023\/10\/IMG_9757-337x600.png 337w, https:\/\/vallegaia.de\/wp-content\/uploads\/2023\/10\/IMG_9757-169x300.png 169w, https:\/\/vallegaia.de\/wp-content\/uploads\/2023\/10\/IMG_9757.png 750w\" sizes=\"auto, (max-width: 700px) 100vw, 700px\" \/><\/figure>\n\n\n\n<p><\/p>\n\n\n\n<figure class=\"wp-block-image size-large is-resized\"><img loading=\"lazy\" decoding=\"async\" width=\"700\" height=\"1245\" src=\"http:\/\/vallegaia.de\/wp-content\/uploads\/2023\/11\/IMG_0561-700x1245.png\" alt=\"\" class=\"wp-image-1358\" style=\"aspect-ratio:0.5622489959839357;width:359px;height:auto\" srcset=\"https:\/\/vallegaia.de\/wp-content\/uploads\/2023\/11\/IMG_0561-700x1245.png 700w, https:\/\/vallegaia.de\/wp-content\/uploads\/2023\/11\/IMG_0561-337x600.png 337w, https:\/\/vallegaia.de\/wp-content\/uploads\/2023\/11\/IMG_0561-169x300.png 169w, https:\/\/vallegaia.de\/wp-content\/uploads\/2023\/11\/IMG_0561.png 750w\" sizes=\"auto, (max-width: 700px) 100vw, 700px\" \/><\/figure>\n\n\n\n<p><\/p>\n\n\n\n<figure class=\"wp-block-image size-large\"><img loading=\"lazy\" decoding=\"async\" width=\"700\" height=\"1245\" src=\"http:\/\/vallegaia.de\/wp-content\/uploads\/2023\/11\/IMG_0559-1-700x1245.png\" alt=\"\" class=\"wp-image-1354\" srcset=\"https:\/\/vallegaia.de\/wp-content\/uploads\/2023\/11\/IMG_0559-1-700x1245.png 700w, https:\/\/vallegaia.de\/wp-content\/uploads\/2023\/11\/IMG_0559-1-337x600.png 337w, https:\/\/vallegaia.de\/wp-content\/uploads\/2023\/11\/IMG_0559-1-169x300.png 169w, https:\/\/vallegaia.de\/wp-content\/uploads\/2023\/11\/IMG_0559-1.png 750w\" sizes=\"auto, (max-width: 700px) 100vw, 700px\" \/><\/figure>\n","protected":false},"excerpt":{"rendered":"<p>Auf dieser neuen Seite teile ich ab sofort die ganz besonderen Eingebungen mit dir, \u00fcber die ich mich selbst immer besonders doll freue. Pl\u00f6tzlich da. In Momenten, in denen ich ganz wenig abgelenkt bin von \u00c4u\u00dferem. Konzentriert. In Momenten, in denen sich gef\u00fchlt alle Schleier erheben und sich mir eine Wirklichkeit offenbart. Gedanken, die \u201eirgendwie&#8230;<\/p>\n","protected":false},"author":1,"featured_media":0,"parent":0,"menu_order":0,"comment_status":"closed","ping_status":"closed","template":"","meta":{"footnotes":""},"class_list":["post-1173","page","type-page","status-publish","hentry"],"_links":{"self":[{"href":"https:\/\/vallegaia.de\/Valle_Gaia\/wp-json\/wp\/v2\/pages\/1173","targetHints":{"allow":["GET"]}}],"collection":[{"href":"https:\/\/vallegaia.de\/Valle_Gaia\/wp-json\/wp\/v2\/pages"}],"about":[{"href":"https:\/\/vallegaia.de\/Valle_Gaia\/wp-json\/wp\/v2\/types\/page"}],"author":[{"embeddable":true,"href":"https:\/\/vallegaia.de\/Valle_Gaia\/wp-json\/wp\/v2\/users\/1"}],"replies":[{"embeddable":true,"href":"https:\/\/vallegaia.de\/Valle_Gaia\/wp-json\/wp\/v2\/comments?post=1173"}],"version-history":[{"count":30,"href":"https:\/\/vallegaia.de\/Valle_Gaia\/wp-json\/wp\/v2\/pages\/1173\/revisions"}],"predecessor-version":[{"id":1359,"href":"https:\/\/vallegaia.de\/Valle_Gaia\/wp-json\/wp\/v2\/pages\/1173\/revisions\/1359"}],"wp:attachment":[{"href":"https:\/\/vallegaia.de\/Valle_Gaia\/wp-json\/wp\/v2\/media?parent=1173"}],"curies":[{"name":"wp","href":"https:\/\/api.w.org\/{rel}","templated":true}]}}