{"id":128,"date":"2022-08-31T18:00:22","date_gmt":"2022-08-31T18:00:22","guid":{"rendered":"http:\/\/vallegaia.de\/Valle_Gaia\/?page_id=128"},"modified":"2023-06-20T05:12:38","modified_gmt":"2023-06-20T05:12:38","slug":"svenja","status":"publish","type":"page","link":"https:\/\/vallegaia.de\/Valle_Gaia\/svenja","title":{"rendered":"Svenja"},"content":{"rendered":"\n<p>Email: svenja @ vallegaia . de <\/p>\n\n\n\n<figure class=\"wp-block-image size-large\"><img loading=\"lazy\" decoding=\"async\" width=\"768\" height=\"1024\" src=\"http:\/\/vallegaia.de\/wp-content\/uploads\/2022\/08\/IMG_E8259-768x1024.jpg\" alt=\"\" class=\"wp-image-129\" srcset=\"https:\/\/vallegaia.de\/wp-content\/uploads\/2022\/08\/IMG_E8259-768x1024.jpg 768w, https:\/\/vallegaia.de\/wp-content\/uploads\/2022\/08\/IMG_E8259-450x600.jpg 450w, https:\/\/vallegaia.de\/wp-content\/uploads\/2022\/08\/IMG_E8259-225x300.jpg 225w, https:\/\/vallegaia.de\/wp-content\/uploads\/2022\/08\/IMG_E8259-1152x1536.jpg 1152w, https:\/\/vallegaia.de\/wp-content\/uploads\/2022\/08\/IMG_E8259-1536x2048.jpg 1536w, https:\/\/vallegaia.de\/wp-content\/uploads\/2022\/08\/IMG_E8259-1568x2091.jpg 1568w, https:\/\/vallegaia.de\/wp-content\/uploads\/2022\/08\/IMG_E8259-scaled.jpg 1920w\" sizes=\"auto, (max-width: 768px) 100vw, 768px\" \/><\/figure>\n\n\n\n<p>Durch Valle Gaia schreibe ich. Ein wenig von mir. Ein wenig f\u00fcr Dich. Ein wenig \u00fcber uns. Und ganz viel mit dem Herzen.<\/p>\n\n\n\n<p><br>Durch den Bandscheiben-Vorfall hinein in meine Freiheit. K\u00f6rper, Geist, Seele. Die wichtigste und wertvollste Einheit meines Lebens.<\/p>\n\n\n\n<p>Ich hatte eine derartige Angst vor meiner inneren Freiheit, des wahrhaften Lebens meiner wahren Gr\u00f6\u00dfe und St\u00e4rke (jenseits der andauernden Anpassung an alle und jeden, jenseits meiner Erwartungs-Bedienung). Meine (Wirbels\u00e4ulen)Mitte konnte dem Unter-Dr\u00fcckungs-Druck nicht l\u00e4nger standhalten.<\/p>\n\n\n\n<p>Als feinf\u00fchliger Mensch f\u00fchlst Du, wie Du f\u00fcr andere am besten passt, ohne anzuecken. Du f\u00fchlst, welche Erwartungen unausgesprochen im Raum stehen. Du f\u00fchlst sie immer. Auch wenn gar keine da sind. Du h\u00f6rst die Menschen denken. Du wei\u00dft, wie Du sein musst, damit Du am Ende nicht wieder und wieder leidest. In der Folge des allertiefsten Schuldgef\u00fchls, wenn Du es wieder einmal jemandem nicht recht gemacht hast. Oder einer Rolle oder Funktion nicht gerecht geworden bist. Da nimmst du lieber die Anpassung und die Bedienung in Kauf. W\u00e4hrend Du, ganz unbemerkt, noch viel tiefer in Dir drin und weiter und weiter kaputt gehst. Dich Deiner Mitte lieber einmal mehr und mehr entfernst und entfremdest. Bis sie irgendwann so zerbrechlich geworden ist, dass sie, und unter der Schwere der inneren Gefangenschaft, einfach zerbricht.&nbsp;<\/p>\n\n\n\n<p>Ich konnte es nicht l\u00e4nger ignorieren, es rief so laut in mir. Es war an der Zeit. ALLES zu ver\u00e4ndern. Alles, wonach ich mich mein Leben lang ausrichtete, auszuradieren. Zu \u00fcberDENKEN. UmzuDENKEN. Neu zu DENKEN. Jetzt oder nie. Ich hatte nichts zu verlieren. Die Schmerzen und mit ihm Das-jeden-Tag-nur-zu-\u00fcberstehen unertr\u00e4glich. Ich musste es wagen. Den Sprung. Von dieser Klippe, die ich all die Zeit vor meinem inneren Auge gesehen hatte. Das \u00dcberwinden einer H\u00f6he von hunderten Metern. Voller Angst. Hinein in das Wasser. Das Wasser meines Lebens. In mich selbst hinein. Das Entlassen meines k\u00f6rperlich-seelischen Schmerzes in die Freiheit. In meine emotionale Freiheit.<\/p>\n\n\n\n<p>Bis heute zeigt mir mein lieber R\u00fccken, wenn ich wieder einmal drohe in die alten Anpassungs-Muster abzurutschen. Ich erkenne. Ich verstehe. Ich bin. Ich lebe. Jetzt. Und niemals und nirgendwo sonst.&nbsp;<\/p>\n\n\n\n<p>Hier bin ich. Denn etwas anderes bin ich nicht.&nbsp;<\/p>\n\n\n\n<figure class=\"wp-block-image size-large\"><img loading=\"lazy\" decoding=\"async\" width=\"700\" height=\"1245\" src=\"http:\/\/vallegaia.de\/wp-content\/uploads\/2022\/09\/1391302B-9C8C-49DE-8CF8-CD7C50DEDDE1-700x1245.jpeg\" alt=\"\" class=\"wp-image-360\" srcset=\"https:\/\/vallegaia.de\/wp-content\/uploads\/2022\/09\/1391302B-9C8C-49DE-8CF8-CD7C50DEDDE1-700x1245.jpeg 700w, https:\/\/vallegaia.de\/wp-content\/uploads\/2022\/09\/1391302B-9C8C-49DE-8CF8-CD7C50DEDDE1-337x600.jpeg 337w, https:\/\/vallegaia.de\/wp-content\/uploads\/2022\/09\/1391302B-9C8C-49DE-8CF8-CD7C50DEDDE1-169x300.jpeg 169w, https:\/\/vallegaia.de\/wp-content\/uploads\/2022\/09\/1391302B-9C8C-49DE-8CF8-CD7C50DEDDE1.jpeg 750w\" sizes=\"auto, (max-width: 700px) 100vw, 700px\" \/><\/figure>\n\n\n\n<p><br>Nun schreibe ich also.<\/p>\n\n\n\n<p>Nicht \u00fcber das, was ich wei\u00df. Denn dies ist endlich. Sondern \u00fcber das, was ich verstanden habe. Und so sehr sicher noch verstehen werde. Denn dies ist unendlich.<\/p>\n\n\n\n<p>Es war ein Weg. Ein Weg durch die tiefsten und dunkelsten T\u00e4ler voller Schmerz (vor allem dem k\u00f6rperlich Gewordenen), der \u201eKrankheiten\u201c, der Traurigkeit, der Bet\u00e4ubung, des Loslassens, des vermeintlichen \u201eVerlustes\u201c zweier Kinder in meinem Bauch, des Abschieds, der vermeintlichen Trennungen, Kummer, Unsicherheiten, Fragen, Zweifeln, Sorgen und vor allem eines: unz\u00e4hligen \u00c4ngsten.<\/p>\n\n\n\n<p>Ein Weg aus all dem immer weiter Er-Wachsens und Er-Wachens.<\/p>\n\n\n\n<p>Es ist ein Weg. Mit t\u00e4glichen Etappenzielen. Kleineren und gr\u00f6\u00dferen. Wichtigen und richtig doll wichtigen. Besonderen und unglaublich besonderen. Wundervollen und unendlich wundervollen.<\/p>\n\n\n\n<p>Und ich werde diesen einen Tag im letzten Jahr nie vergessen. Der Tag, an dem ich das Universum gebeten hatte, mir mal ein Zeichen zu schicken. Mir zu sagen, wo diese meine &#8211; bis dato wirklich mehr als verr\u00fcckte &#8211; Reise weitergeht. Was es f\u00fcr mich zu tun gibt.<\/p>\n\n\n\n<p>Und dann \u2026<\/p>\n\n\n\n<p>Dieser Moment. Als ich gedankenverloren an einer gro\u00dfen Ampelkreuzung stand, meine Blicke schweifen lie\u00df, w\u00e4hrend ich schon gar nicht mehr an meine Bitte dachte \u2026 Mein Blick pl\u00f6tzlich an diesem gro\u00dfen Plakat h\u00e4ngen blieb \u2026<\/p>\n\n\n\n<p>\u201eSchreib Dein Buch\u201c.<\/p>\n\n\n\n<p>Stille.<\/p>\n\n\n\n<p>G\u00e4nsehaut.<\/p>\n\n\n\n<p>Magie pur.<\/p>\n\n\n\n<p>In jenem Moment liefen all die letzten Jahre wie ein Zeitraffer durch mich durch.<\/p>\n\n\n\n<p>Mir wurde klar, es gab schon so viele &#8211; von mir selbst unerkannte &#8211; \u201eAnl\u00e4ufe\u201c. (Mein Deutschlehrer Herr M., gab mir mit der konsequenten 4 auf all meine Texte deutlich zu verstehen, ich sollte dies besser bleiben lassen. Ich mochte ihn. Ich glaubte ihm. Er hatte einfach recht.)<\/p>\n\n\n\n<p>Zuerst waren es die Gedichte. Dann kam das Seelentestament. Sogar ein Buch hatte ich begonnen. Einen Roman. Ich schrieb schon so viel. Immer wieder f\u00fchrte mich einfach alles, was ich tat, wieder zum Schreiben. Weil ich es gern tat. Weil es mich immer wieder gerufen hatte. Weil es mich immer wieder selbst sortierte. Und weil es mich erf\u00fcllte.<\/p>\n\n\n\n<p>Und w\u00e4hrend ich dachte, dass es doch schade w\u00e4re, wenn ich all das, was ich f\u00fcr mich verstanden hatte und verstehe, f\u00fcr mich allein behielte, und dass es doch ebenso schade w\u00e4re, wenn ich dies nicht mit Anderen teilte, blieb ich dran, und \u2026<\/p>\n\n\n\n<p>\u2026 traf eine einzige kleine Entscheidung. Ich begann mein Gef\u00fchl und meine Gedanken durch meine Worte in die Welt hinauszutragen. Ich begann sie einfach zu teilen. Mit ein paar wenigen Menschen.<\/p>\n\n\n\n<p>Ohne erkl\u00e4rtes Ziel, ohne konkreten Plan, ohne eine bestimmte Absicht, ohne erwartete Erfolgsaussichten (weder Finanzielle, noch jener der Politur meines Egos), und ohne \u00fcberhaupt irgendeine Erwartung, sondern \u2026 ganz einfach so \u2026 weil ich es so so gerne tue.<\/p>\n\n\n\n<p>Kurt Tepperwein fragte mich einst eine sehr sehr bedeutsame Frage. \u201eWas tust Du so gern, dass Du anstatt Geld daf\u00fcr zu bekommen, sogar welches daf\u00fcr zahlen w\u00fcrdest?\u201c.<\/p>\n\n\n\n<p>Endlich habe ich eine Antwort.<\/p>\n\n\n\n<p>Meine Antwort.<\/p>\n\n\n\n<p>F\u00fcr mich werde ich nicht aufh\u00f6ren zu LERNEN. Und f\u00fcr alle, die mich begleiten m\u00f6chten, nicht aufh\u00f6ren zu SCHREIBEN. Denn es erf\u00fcllt mich mit wahrer Liebe und gr\u00f6\u00dfter Freude.<\/p>\n\n\n\n<p>Ich bekomme so viel mehr zur\u00fcck als ich gebe. Auf einer v\u00f6llig anderen Ebene als ich dar\u00fcber beigebracht bekam, was f\u00fcr mein Leben angeblich so wichtig sei.<\/p>\n\n\n\n<p>Eine wahrhaft wunder-volle Erkenntnis.<\/p>\n\n\n\n<p>Auf diesem meinem Weg des Verstehenwollens.<\/p>\n\n\n\n<p>Und so langsam beginne ich sogar dies zu verstehen \u2026<\/p>\n\n\n\n<p>Ich schreibe. F\u00fcr Dich. F\u00fcr mich. F\u00fcr uns alle.<\/p>\n\n\n\n<p><em>Deine Svenja<\/em><\/p>\n","protected":false},"excerpt":{"rendered":"<p>Email: svenja @ vallegaia . de Durch Valle Gaia schreibe ich. Ein wenig von mir. Ein wenig f\u00fcr Dich. Ein wenig \u00fcber uns. Und ganz viel mit dem Herzen. Durch den Bandscheiben-Vorfall hinein in meine Freiheit. K\u00f6rper, Geist, Seele. Die wichtigste und wertvollste Einheit meines Lebens. Ich hatte eine derartige Angst vor meiner inneren Freiheit,&#8230;<\/p>\n","protected":false},"author":1,"featured_media":0,"parent":0,"menu_order":0,"comment_status":"closed","ping_status":"closed","template":"","meta":{"footnotes":""},"class_list":["post-128","page","type-page","status-publish","hentry"],"_links":{"self":[{"href":"https:\/\/vallegaia.de\/Valle_Gaia\/wp-json\/wp\/v2\/pages\/128","targetHints":{"allow":["GET"]}}],"collection":[{"href":"https:\/\/vallegaia.de\/Valle_Gaia\/wp-json\/wp\/v2\/pages"}],"about":[{"href":"https:\/\/vallegaia.de\/Valle_Gaia\/wp-json\/wp\/v2\/types\/page"}],"author":[{"embeddable":true,"href":"https:\/\/vallegaia.de\/Valle_Gaia\/wp-json\/wp\/v2\/users\/1"}],"replies":[{"embeddable":true,"href":"https:\/\/vallegaia.de\/Valle_Gaia\/wp-json\/wp\/v2\/comments?post=128"}],"version-history":[{"count":14,"href":"https:\/\/vallegaia.de\/Valle_Gaia\/wp-json\/wp\/v2\/pages\/128\/revisions"}],"predecessor-version":[{"id":1145,"href":"https:\/\/vallegaia.de\/Valle_Gaia\/wp-json\/wp\/v2\/pages\/128\/revisions\/1145"}],"wp:attachment":[{"href":"https:\/\/vallegaia.de\/Valle_Gaia\/wp-json\/wp\/v2\/media?parent=128"}],"curies":[{"name":"wp","href":"https:\/\/api.w.org\/{rel}","templated":true}]}}