{"id":218,"date":"2022-08-31T21:52:43","date_gmt":"2022-08-31T21:52:43","guid":{"rendered":"http:\/\/vallegaia.de\/Valle_Gaia\/?page_id=218"},"modified":"2023-09-07T18:00:48","modified_gmt":"2023-09-07T18:00:48","slug":"beginn","status":"publish","type":"page","link":"https:\/\/vallegaia.de\/Valle_Gaia\/beginn","title":{"rendered":"Buchreihe im Handel"},"content":{"rendered":"\n<figure class=\"wp-block-image size-large\"><img loading=\"lazy\" decoding=\"async\" width=\"700\" height=\"394\" src=\"http:\/\/vallegaia.de\/wp-content\/uploads\/2023\/09\/Erschienen-fuenf-700x394.jpg\" alt=\"\" class=\"wp-image-1149\" srcset=\"https:\/\/vallegaia.de\/wp-content\/uploads\/2023\/09\/Erschienen-fuenf-700x394.jpg 700w, https:\/\/vallegaia.de\/wp-content\/uploads\/2023\/09\/Erschienen-fuenf-600x338.jpg 600w, https:\/\/vallegaia.de\/wp-content\/uploads\/2023\/09\/Erschienen-fuenf-300x169.jpg 300w, https:\/\/vallegaia.de\/wp-content\/uploads\/2023\/09\/Erschienen-fuenf-768x432.jpg 768w, https:\/\/vallegaia.de\/wp-content\/uploads\/2023\/09\/Erschienen-fuenf-1536x864.jpg 1536w, https:\/\/vallegaia.de\/wp-content\/uploads\/2023\/09\/Erschienen-fuenf-800x450.jpg 800w, https:\/\/vallegaia.de\/wp-content\/uploads\/2023\/09\/Erschienen-fuenf.jpg 1920w\" sizes=\"auto, (max-width: 700px) 100vw, 700px\" \/><\/figure>\n\n\n\n<p>Die Buchreihe, die Dich zum Ursprung Deiner inneren Freiheit begleitet.<\/p>\n\n\n\n<figure class=\"wp-block-image size-large\"><img loading=\"lazy\" decoding=\"async\" width=\"700\" height=\"933\" src=\"http:\/\/vallegaia.de\/wp-content\/uploads\/2022\/09\/IMG_9238-700x933.jpg\" alt=\"\" class=\"wp-image-250\" srcset=\"https:\/\/vallegaia.de\/wp-content\/uploads\/2022\/09\/IMG_9238-700x933.jpg 700w, https:\/\/vallegaia.de\/wp-content\/uploads\/2022\/09\/IMG_9238-450x600.jpg 450w, https:\/\/vallegaia.de\/wp-content\/uploads\/2022\/09\/IMG_9238-225x300.jpg 225w, https:\/\/vallegaia.de\/wp-content\/uploads\/2022\/09\/IMG_9238-768x1024.jpg 768w, https:\/\/vallegaia.de\/wp-content\/uploads\/2022\/09\/IMG_9238-1152x1536.jpg 1152w, https:\/\/vallegaia.de\/wp-content\/uploads\/2022\/09\/IMG_9238-1536x2048.jpg 1536w, https:\/\/vallegaia.de\/wp-content\/uploads\/2022\/09\/IMG_9238-800x1067.jpg 800w, https:\/\/vallegaia.de\/wp-content\/uploads\/2022\/09\/IMG_9238-scaled.jpg 1920w\" sizes=\"auto, (max-width: 700px) 100vw, 700px\" \/><\/figure>\n\n\n\n<p><strong>Das Erste. \u201eBeginn\u201c<\/strong><\/p>\n\n\n\n<p><img loading=\"lazy\" decoding=\"async\" src=\"https:\/\/static.xx.fbcdn.net\/images\/emoji.php\/v9\/tc2\/1.5\/16\/1f331.png\" alt=\"\ud83c\udf31\" width=\"16\" height=\"16\"><img loading=\"lazy\" decoding=\"async\" src=\"https:\/\/static.xx.fbcdn.net\/images\/emoji.php\/v9\/tf2\/1.5\/16\/1f33a.png\" alt=\"\ud83c\udf3a\" width=\"16\" height=\"16\"><img loading=\"lazy\" decoding=\"async\" src=\"https:\/\/static.xx.fbcdn.net\/images\/emoji.php\/v9\/tc4\/1.5\/16\/1f333.png\" alt=\"\ud83c\udf33\" width=\"16\" height=\"16\"> Hier bekommst Du VALLE GAIAs \u201eBeginn\u201c direkt <\/p>\n\n\n\n<p><a href=\"https:\/\/www.epubli.com\/shop\/valle-gaia-9783756507955\">\u00dcber den Verlag<\/a><\/p>\n\n\n\n<p><img loading=\"lazy\" decoding=\"async\" src=\"https:\/\/static.xx.fbcdn.net\/images\/emoji.php\/v9\/tc2\/1.5\/16\/1f331.png\" alt=\"\ud83c\udf31\" width=\"16\" height=\"16\"><img loading=\"lazy\" decoding=\"async\" src=\"https:\/\/static.xx.fbcdn.net\/images\/emoji.php\/v9\/tf2\/1.5\/16\/1f33a.png\" alt=\"\ud83c\udf3a\" width=\"16\" height=\"16\"><img loading=\"lazy\" decoding=\"async\" src=\"https:\/\/static.xx.fbcdn.net\/images\/emoji.php\/v9\/tc4\/1.5\/16\/1f333.png\" alt=\"\ud83c\udf33\" width=\"16\" height=\"16\"> Hier bei Amazon:<\/p>\n\n\n\n<p><a href=\"https:\/\/www.amazon.de\/Valle-Gaia-Ursprung-innerer-Freiheit\/dp\/3756507955\/ref=sr_1_1?__mk_de_DE=%C3%85M%C3%85%C5%BD%C3%95%C3%91&amp;crid=2MWEGHPE2EGS9&amp;keywords=valle+gaia&amp;qid=1682446023&amp;sprefix=valle+gaia%2Caps%2C89&amp;sr=8-1\" data-type=\"URL\">Bei Amazon<\/a><\/p>\n\n\n\n<figure class=\"wp-block-gallery has-nested-images columns-default is-cropped wp-block-gallery-2 is-layout-flex wp-block-gallery-is-layout-flex\">\n<figure class=\"wp-block-image size-large\"><img loading=\"lazy\" decoding=\"async\" width=\"700\" height=\"933\" data-id=\"540\" src=\"http:\/\/vallegaia.de\/wp-content\/uploads\/2022\/10\/IMG_5299-700x933.jpg\" alt=\"\" class=\"wp-image-540\" srcset=\"https:\/\/vallegaia.de\/wp-content\/uploads\/2022\/10\/IMG_5299-700x933.jpg 700w, https:\/\/vallegaia.de\/wp-content\/uploads\/2022\/10\/IMG_5299-450x600.jpg 450w, https:\/\/vallegaia.de\/wp-content\/uploads\/2022\/10\/IMG_5299-225x300.jpg 225w, https:\/\/vallegaia.de\/wp-content\/uploads\/2022\/10\/IMG_5299-768x1024.jpg 768w, https:\/\/vallegaia.de\/wp-content\/uploads\/2022\/10\/IMG_5299-1152x1536.jpg 1152w, https:\/\/vallegaia.de\/wp-content\/uploads\/2022\/10\/IMG_5299-800x1067.jpg 800w, https:\/\/vallegaia.de\/wp-content\/uploads\/2022\/10\/IMG_5299.jpg 1536w\" sizes=\"auto, (max-width: 700px) 100vw, 700px\" \/><\/figure>\n<\/figure>\n\n\n\n<p><strong>Das Zweite \u201cSommersonnenwende\u201c <\/strong>erh\u00e4ltst du hier:<\/p>\n\n\n\n<p><a href=\"https:\/\/www.epubli.com\/shop\/valle-gaia-am-ursprung-innerer-freiheit-9783757503512\">\u00dcber den Verlag<\/a><\/p>\n\n\n\n<p><a href=\"https:\/\/www.amazon.de\/Valle-Gaia-Ursprung-Freiheit-Sommersonnenwende\/dp\/3757503511\/ref=sr_1_8?__mk_de_DE=%C3%85M%C3%85%C5%BD%C3%95%C3%91&amp;crid=2MWEGHPE2EGS9&amp;keywords=valle+gaia&amp;qid=1682445914&amp;sprefix=valle+gaia%2Caps%2C89&amp;sr=8-8\" data-type=\"URL\" data-id=\"https:\/\/amzn.eu\/d\/7f0DKTM\">Bei Amazon<\/a><\/p>\n\n\n\n<p><img loading=\"lazy\" decoding=\"async\" src=\"https:\/\/static.xx.fbcdn.net\/images\/emoji.php\/v9\/tc2\/1.5\/16\/1f331.png\" alt=\"\ud83c\udf31\" width=\"16\" height=\"16\"><img loading=\"lazy\" decoding=\"async\" src=\"https:\/\/static.xx.fbcdn.net\/images\/emoji.php\/v9\/tf2\/1.5\/16\/1f33a.png\" alt=\"\ud83c\udf3a\" width=\"16\" height=\"16\"><img loading=\"lazy\" decoding=\"async\" src=\"https:\/\/static.xx.fbcdn.net\/images\/emoji.php\/v9\/tc4\/1.5\/16\/1f333.png\" alt=\"\ud83c\udf33\" width=\"16\" height=\"16\"> Und nat\u00fcrlich auch in Deiner Lieblingsbuchhandlung<\/p>\n\n\n\n<p><\/p>\n\n\n\n<p><\/p>\n\n\n<style>.kb-image218_9f0104-a7 .kb-image-has-overlay:after{opacity:0.3;}<\/style>\n<figure class=\"wp-block-kadence-image kb-image218_9f0104-a7 size-large\"><img loading=\"lazy\" decoding=\"async\" width=\"700\" height=\"495\" src=\"http:\/\/vallegaia.de\/wp-content\/uploads\/2022\/11\/Winterkleid-700x495.jpg\" alt=\"\" class=\"kb-img wp-image-636\" srcset=\"https:\/\/vallegaia.de\/wp-content\/uploads\/2022\/11\/Winterkleid-700x495.jpg 700w, https:\/\/vallegaia.de\/wp-content\/uploads\/2022\/11\/Winterkleid-600x424.jpg 600w, https:\/\/vallegaia.de\/wp-content\/uploads\/2022\/11\/Winterkleid-300x212.jpg 300w, https:\/\/vallegaia.de\/wp-content\/uploads\/2022\/11\/Winterkleid-768x543.jpg 768w, https:\/\/vallegaia.de\/wp-content\/uploads\/2022\/11\/Winterkleid-800x566.jpg 800w, https:\/\/vallegaia.de\/wp-content\/uploads\/2022\/11\/Winterkleid.jpg 1495w\" sizes=\"auto, (max-width: 700px) 100vw, 700px\" \/><\/figure>\n\n\n\n<p><strong>Winterkleid<\/strong> &#8211; Die kleine Weihnachtsfreude-Edition 2022 ist nicht mehr erh\u00e4ltlich.<\/p>\n\n\n\n<p><\/p>\n\n\n\n<figure class=\"wp-block-image size-large\"><img loading=\"lazy\" decoding=\"async\" width=\"700\" height=\"972\" src=\"http:\/\/vallegaia.de\/wp-content\/uploads\/2023\/04\/Objekt-700x972.png\" alt=\"\" class=\"wp-image-1069\" srcset=\"https:\/\/vallegaia.de\/wp-content\/uploads\/2023\/04\/Objekt-700x972.png 700w, https:\/\/vallegaia.de\/wp-content\/uploads\/2023\/04\/Objekt-432x600.png 432w, https:\/\/vallegaia.de\/wp-content\/uploads\/2023\/04\/Objekt-216x300.png 216w, https:\/\/vallegaia.de\/wp-content\/uploads\/2023\/04\/Objekt-768x1067.png 768w, https:\/\/vallegaia.de\/wp-content\/uploads\/2023\/04\/Objekt-1106x1536.png 1106w, https:\/\/vallegaia.de\/wp-content\/uploads\/2023\/04\/Objekt-1474x2048.png 1474w, https:\/\/vallegaia.de\/wp-content\/uploads\/2023\/04\/Objekt-800x1111.png 800w, https:\/\/vallegaia.de\/wp-content\/uploads\/2023\/04\/Objekt.png 1712w\" sizes=\"auto, (max-width: 700px) 100vw, 700px\" \/><\/figure>\n\n\n\n<p><strong>&#8222;Das Dritte&#8220; <\/strong>erh\u00e4ltst du hier:<\/p>\n\n\n\n<p><a href=\"https:\/\/www.epubli.com\/shop\/valle-gaia-am-ursprung-innerer-freiheit-9783757512361\">\u00dcber den Verlag<\/a><\/p>\n\n\n\n<p><a href=\"https:\/\/www.amazon.de\/Ursprung-innerer-Freiheit-Valle-Gaia\/dp\/3757512367\/ref=sr_1_2?crid=3OHSA2NR718TV&amp;keywords=valle+gaia+dritte&amp;qid=1682445595&amp;sprefix=valle+gaia+dr%2Caps%2C139&amp;sr=8-2\">Bei Amazon<\/a><\/p>\n\n\n\n<p><img loading=\"lazy\" decoding=\"async\" src=\"https:\/\/static.xx.fbcdn.net\/images\/emoji.php\/v9\/tc2\/1.5\/16\/1f331.png\" alt=\"\ud83c\udf31\" width=\"16\" height=\"16\"><img loading=\"lazy\" decoding=\"async\" src=\"https:\/\/static.xx.fbcdn.net\/images\/emoji.php\/v9\/tf2\/1.5\/16\/1f33a.png\" alt=\"\ud83c\udf3a\" width=\"16\" height=\"16\"><img loading=\"lazy\" decoding=\"async\" src=\"https:\/\/static.xx.fbcdn.net\/images\/emoji.php\/v9\/tc4\/1.5\/16\/1f333.png\" alt=\"\ud83c\udf33\" width=\"16\" height=\"16\"> Und nat\u00fcrlich auch in Deiner Lieblingsbuchhandlung<\/p>\n\n\n\n<figure class=\"wp-block-image size-large\"><img loading=\"lazy\" decoding=\"async\" width=\"700\" height=\"933\" src=\"http:\/\/vallegaia.de\/wp-content\/uploads\/2023\/04\/vier-700x933.jpg\" alt=\"\" class=\"wp-image-1071\" srcset=\"https:\/\/vallegaia.de\/wp-content\/uploads\/2023\/04\/vier-700x933.jpg 700w, https:\/\/vallegaia.de\/wp-content\/uploads\/2023\/04\/vier-450x600.jpg 450w, https:\/\/vallegaia.de\/wp-content\/uploads\/2023\/04\/vier-225x300.jpg 225w, https:\/\/vallegaia.de\/wp-content\/uploads\/2023\/04\/vier-768x1024.jpg 768w, https:\/\/vallegaia.de\/wp-content\/uploads\/2023\/04\/vier-1152x1536.jpg 1152w, https:\/\/vallegaia.de\/wp-content\/uploads\/2023\/04\/vier-1536x2048.jpg 1536w, https:\/\/vallegaia.de\/wp-content\/uploads\/2023\/04\/vier-800x1067.jpg 800w, https:\/\/vallegaia.de\/wp-content\/uploads\/2023\/04\/vier-scaled.jpg 1920w\" sizes=\"auto, (max-width: 700px) 100vw, 700px\" \/><\/figure>\n\n\n\n<figure class=\"wp-block-embed is-type-video is-provider-youtube wp-block-embed-youtube wp-embed-aspect-16-9 wp-has-aspect-ratio\"><div class=\"wp-block-embed__wrapper\">\n<iframe loading=\"lazy\" hcb-fetch-image-from=\"https:\/\/youtube.com\/shorts\/xVXukitKl-A?feature=share\" title=\"Valle Gaias \u201eVier\u201c ist da!\" width=\"700\" height=\"394\" src=\"https:\/\/www.youtube.com\/embed\/xVXukitKl-A?feature=oembed\" frameborder=\"0\" allow=\"accelerometer; autoplay; clipboard-write; encrypted-media; gyroscope; picture-in-picture; web-share\" allowfullscreen><\/iframe>\n<\/div><\/figure>\n\n\n\n<p><strong>&#8222;Vier&#8220; <\/strong>erh\u00e4ltst du hier:<\/p>\n\n\n\n<p><a href=\"https:\/\/www.epubli.com\/shop\/valle-gaia-am-ursprung-innerer-freiheit-9783757538484\">\u00dcber den Verlag<\/a><\/p>\n\n\n\n<p><a href=\"https:\/\/www.amazon.de\/Valle-Gaia-Ursprung-innerer-Freiheit\/dp\/375753848X\/ref=sr_1_1?crid=3SPUWNU0EW3SQ&amp;keywords=valle+gaia+vier&amp;qid=1682445427&amp;sprefix=valle+gaia+v%2Caps%2C98&amp;sr=8-1\">Bei Amazon<\/a><\/p>\n\n\n\n<p><img loading=\"lazy\" decoding=\"async\" src=\"https:\/\/static.xx.fbcdn.net\/images\/emoji.php\/v9\/tc2\/1.5\/16\/1f331.png\" alt=\"\ud83c\udf31\" width=\"16\" height=\"16\"><img loading=\"lazy\" decoding=\"async\" src=\"https:\/\/static.xx.fbcdn.net\/images\/emoji.php\/v9\/tf2\/1.5\/16\/1f33a.png\" alt=\"\ud83c\udf3a\" width=\"16\" height=\"16\"><img loading=\"lazy\" decoding=\"async\" src=\"https:\/\/static.xx.fbcdn.net\/images\/emoji.php\/v9\/tc4\/1.5\/16\/1f333.png\" alt=\"\ud83c\udf33\" width=\"16\" height=\"16\"> Und nat\u00fcrlich auch in Deiner Lieblingsbuchhandlung<\/p>\n\n\n\n<figure class=\"wp-block-image size-large\"><img loading=\"lazy\" decoding=\"async\" width=\"700\" height=\"1245\" src=\"http:\/\/vallegaia.de\/wp-content\/uploads\/2023\/09\/IMG_7075-700x1245.png\" alt=\"\" class=\"wp-image-1151\" srcset=\"https:\/\/vallegaia.de\/wp-content\/uploads\/2023\/09\/IMG_7075-700x1245.png 700w, https:\/\/vallegaia.de\/wp-content\/uploads\/2023\/09\/IMG_7075-337x600.png 337w, https:\/\/vallegaia.de\/wp-content\/uploads\/2023\/09\/IMG_7075-169x300.png 169w, https:\/\/vallegaia.de\/wp-content\/uploads\/2023\/09\/IMG_7075.png 750w\" sizes=\"auto, (max-width: 700px) 100vw, 700px\" \/><\/figure>\n\n\n\n<p>&#8222;<strong>F\u00fcnf<\/strong>&#8220; ist da!<\/p>\n\n\n\n<p>Du bekommst es hier:<\/p>\n\n\n\n<p><a href=\"https:\/\/amzn.eu\/d\/03EIE3Y\" data-type=\"link\" data-id=\"https:\/\/amzn.eu\/d\/03EIE3Y\">Bei Amazon<\/a><\/p>\n\n\n\n<p><a href=\"https:\/\/www.epubli.com\/shop\/valle-gaia-am-ursprung-innerer-freiheit-fuenf-9783757579807\" data-type=\"link\" data-id=\"https:\/\/www.epubli.com\/shop\/valle-gaia-am-ursprung-innerer-freiheit-fuenf-9783757579807\">Direkt \u00fcber den Verlag<\/a><\/p>\n\n\n\n<p><strong>Valle Gaia &#8211; Zur\u00fcck zum Ursprung Deiner inneren Freiheit &#8211; Die Buchreihe<\/strong><\/p>\n\n\n\n<p>Jeden Tag ein kleiner \u201eZu-falls\u201c-Text, der vielleicht gerade dann \u201eexakt zur rechten Zeit\u201c zu Dir kommt <\/p>\n\n\n\n<p>Ob <a><\/a>f\u00fcr Dich selbst oder auch wunderbar zum Verschenken f\u00fcr einen lieben Menschen.<\/p>\n\n\n\n<p>Texte und Bilder,<\/p>\n\n\n\n<p><img loading=\"lazy\" decoding=\"async\" src=\"https:\/\/static.xx.fbcdn.net\/images\/emoji.php\/v9\/t46\/1.5\/16\/1f4ab.png\" alt=\"\ud83d\udcab\" width=\"16\" height=\"16\"> die die Seele ber\u00fchren.<\/p>\n\n\n\n<p><img loading=\"lazy\" decoding=\"async\" alt=\"\ud83d\udcab\" src=\"https:\/\/static.xx.fbcdn.net\/images\/emoji.php\/v9\/t46\/1.5\/16\/1f4ab.png\" width=\"16\" height=\"16\"> Halt, Kraft und Trost schenken.<\/p>\n\n\n\n<p><img loading=\"lazy\" decoding=\"async\" alt=\"\ud83d\udcab\" src=\"https:\/\/static.xx.fbcdn.net\/images\/emoji.php\/v9\/t46\/1.5\/16\/1f4ab.png\" width=\"16\" height=\"16\"> die mit Dir gemeinsam auf die Suche und Findung nach Deiner ureigenen, vielleicht ein wenig verlorengegangenen Wahrheit gehen.<\/p>\n\n\n\n<p>Zum Sinnieren und Hineinf\u00fchlen.<\/p>\n\n\n\n<p>Zur\u00fcck zum Ursprung Deiner innerer Freiheit.<\/p>\n","protected":false},"excerpt":{"rendered":"<p>Die Buchreihe, die Dich zum Ursprung Deiner inneren Freiheit begleitet. Das Erste. \u201eBeginn\u201c Hier bekommst Du VALLE GAIAs \u201eBeginn\u201c direkt \u00dcber den Verlag Hier bei Amazon: Bei Amazon Das Zweite \u201cSommersonnenwende\u201c erh\u00e4ltst du hier: \u00dcber den Verlag Bei Amazon Und nat\u00fcrlich auch in Deiner Lieblingsbuchhandlung Winterkleid &#8211; Die kleine Weihnachtsfreude-Edition 2022 ist nicht mehr erh\u00e4ltlich&#8230;.<\/p>\n","protected":false},"author":1,"featured_media":0,"parent":0,"menu_order":0,"comment_status":"closed","ping_status":"closed","template":"","meta":{"footnotes":""},"class_list":["post-218","page","type-page","status-publish","hentry"],"_links":{"self":[{"href":"https:\/\/vallegaia.de\/Valle_Gaia\/wp-json\/wp\/v2\/pages\/218","targetHints":{"allow":["GET"]}}],"collection":[{"href":"https:\/\/vallegaia.de\/Valle_Gaia\/wp-json\/wp\/v2\/pages"}],"about":[{"href":"https:\/\/vallegaia.de\/Valle_Gaia\/wp-json\/wp\/v2\/types\/page"}],"author":[{"embeddable":true,"href":"https:\/\/vallegaia.de\/Valle_Gaia\/wp-json\/wp\/v2\/users\/1"}],"replies":[{"embeddable":true,"href":"https:\/\/vallegaia.de\/Valle_Gaia\/wp-json\/wp\/v2\/comments?post=218"}],"version-history":[{"count":30,"href":"https:\/\/vallegaia.de\/Valle_Gaia\/wp-json\/wp\/v2\/pages\/218\/revisions"}],"predecessor-version":[{"id":1152,"href":"https:\/\/vallegaia.de\/Valle_Gaia\/wp-json\/wp\/v2\/pages\/218\/revisions\/1152"}],"wp:attachment":[{"href":"https:\/\/vallegaia.de\/Valle_Gaia\/wp-json\/wp\/v2\/media?parent=218"}],"curies":[{"name":"wp","href":"https:\/\/api.w.org\/{rel}","templated":true}]}}