{"id":378,"date":"2022-09-09T10:14:26","date_gmt":"2022-09-09T10:14:26","guid":{"rendered":"http:\/\/vallegaia.de\/Valle_Gaia\/?page_id=378"},"modified":"2023-06-20T05:36:59","modified_gmt":"2023-06-20T05:36:59","slug":"valle-gaia-ist","status":"publish","type":"page","link":"https:\/\/vallegaia.de\/Valle_Gaia\/valle-gaia-ist","title":{"rendered":"Valle Gaia ist"},"content":{"rendered":"\n<p>\u2026 gro\u00dfer Teil meines erwachenden Bewusstwerdungsprozesses, dessen Erkenntnisse ich nicht f\u00fcr mich allein behalten m\u00f6chte, sondern teilen und verteilen, f\u00fcr jeden, der\u00a0ein St\u00fcckchen mitkommen m\u00f6chte \u2026<\/p>\n\n\n\n<p>Wieso, weshalb, warum.<br>Corona, die Schwangerschaft mit meinem Sohn und mein Bandscheibenvorfall in 2020 und 2021 waren schlussendlich die Entscheidung endg\u00fcltig mit dem Schreiben zu beginnen, das ich bereits Jahre zuvor schon gern tat, dessen Gabe ich bis dahin allerdings verkannte.\u00a0<\/p>\n\n\n\n<p>Aus meinem Studium der Informatik, dem Tennisspielen, dem Tennistrainerschein, \u00fcber die Hausgeburten meiner drei T\u00f6chter, &nbsp;die Ausbildung zur Tagesmutter, zur Doula, zur Sterbe- und Trauerbegleiterin und der Gr\u00fcndung eines Naturkindergartenvereins und eines Sternenkindervereins, meinen Vorstandsposten derer und die Begleitungen von Sternenkinderfamilien bis hin zu einer stetig lauernden Depression, einer stillen Geburt, meiner Scheidung und meinem Bandscheibenvorfall, habe ich in Summe irgendwann verstanden, was nun in meinen B\u00fcchern Ausdruck findet.&nbsp;<\/p>\n\n\n\n<p>Nicht zuletzt meine unendlich gro\u00dfe Neugier und das Beobachten und Verstehenwollen des \u201eLebens\u201c, der Natur, des Menschen, all seinem Schmerz, seinem Leid und seiner Angst, \u2026 das Erkennen von Zusammenh\u00e4ngen zum inneren Kind und der wahrhaft wundervollsten Einheit K\u00f6rperGeist&amp;Seele und die Faszination der Energie unserer Worte und Gedanken, dem Universum, der Relativit\u00e4t von Zeit und Raum und der Unendlichkeit als auch das Fotografieren unserer Natur, meine wundervollen Kinder, mein wundervoller Mann, das Verstehenwollen um die Art und Weise unserer Verbindungen miteinander und letztlich das Schreiben \u00fcber all dies, erfreuen mich tagt\u00e4glich durch und durch.&nbsp;<\/p>\n\n\n\n<p>Aus meiner Liebe zu diesem, meinem und unserem menschlichen Leben und all seiner Magie und seinen Wundern ist Valle Gaia geworden \u2026<\/p>\n\n\n\n<p><\/p>\n\n\n\n<p>Deine Svenja<\/p>\n\n\n\n<figure class=\"wp-block-image size-large\"><img loading=\"lazy\" decoding=\"async\" width=\"700\" height=\"933\" src=\"http:\/\/vallegaia.de\/wp-content\/uploads\/2023\/06\/IMG_8013-700x933.jpeg\" alt=\"\" class=\"wp-image-1120\" srcset=\"https:\/\/vallegaia.de\/wp-content\/uploads\/2023\/06\/IMG_8013-700x933.jpeg 700w, https:\/\/vallegaia.de\/wp-content\/uploads\/2023\/06\/IMG_8013-450x600.jpeg 450w, https:\/\/vallegaia.de\/wp-content\/uploads\/2023\/06\/IMG_8013-225x300.jpeg 225w, https:\/\/vallegaia.de\/wp-content\/uploads\/2023\/06\/IMG_8013-768x1024.jpeg 768w, https:\/\/vallegaia.de\/wp-content\/uploads\/2023\/06\/IMG_8013-1152x1536.jpeg 1152w, https:\/\/vallegaia.de\/wp-content\/uploads\/2023\/06\/IMG_8013-1536x2048.jpeg 1536w, https:\/\/vallegaia.de\/wp-content\/uploads\/2023\/06\/IMG_8013-800x1067.jpeg 800w, https:\/\/vallegaia.de\/wp-content\/uploads\/2023\/06\/IMG_8013-scaled.jpeg 1920w\" sizes=\"auto, (max-width: 700px) 100vw, 700px\" \/><\/figure>\n","protected":false},"excerpt":{"rendered":"<p>\u2026 gro\u00dfer Teil meines erwachenden Bewusstwerdungsprozesses, dessen Erkenntnisse ich nicht f\u00fcr mich allein behalten m\u00f6chte, sondern teilen und verteilen, f\u00fcr jeden, der\u00a0ein St\u00fcckchen mitkommen m\u00f6chte \u2026 Wieso, weshalb, warum.Corona, die Schwangerschaft mit meinem Sohn und mein Bandscheibenvorfall in 2020 und 2021 waren schlussendlich die Entscheidung endg\u00fcltig mit dem Schreiben zu beginnen, das ich bereits Jahre&#8230;<\/p>\n","protected":false},"author":1,"featured_media":0,"parent":0,"menu_order":0,"comment_status":"closed","ping_status":"closed","template":"","meta":{"footnotes":""},"class_list":["post-378","page","type-page","status-publish","hentry"],"_links":{"self":[{"href":"https:\/\/vallegaia.de\/Valle_Gaia\/wp-json\/wp\/v2\/pages\/378","targetHints":{"allow":["GET"]}}],"collection":[{"href":"https:\/\/vallegaia.de\/Valle_Gaia\/wp-json\/wp\/v2\/pages"}],"about":[{"href":"https:\/\/vallegaia.de\/Valle_Gaia\/wp-json\/wp\/v2\/types\/page"}],"author":[{"embeddable":true,"href":"https:\/\/vallegaia.de\/Valle_Gaia\/wp-json\/wp\/v2\/users\/1"}],"replies":[{"embeddable":true,"href":"https:\/\/vallegaia.de\/Valle_Gaia\/wp-json\/wp\/v2\/comments?post=378"}],"version-history":[{"count":9,"href":"https:\/\/vallegaia.de\/Valle_Gaia\/wp-json\/wp\/v2\/pages\/378\/revisions"}],"predecessor-version":[{"id":1147,"href":"https:\/\/vallegaia.de\/Valle_Gaia\/wp-json\/wp\/v2\/pages\/378\/revisions\/1147"}],"wp:attachment":[{"href":"https:\/\/vallegaia.de\/Valle_Gaia\/wp-json\/wp\/v2\/media?parent=378"}],"curies":[{"name":"wp","href":"https:\/\/api.w.org\/{rel}","templated":true}]}}