{"id":613,"date":"2022-11-09T09:39:29","date_gmt":"2022-11-09T09:39:29","guid":{"rendered":"http:\/\/vallegaia.de\/Valle_Gaia\/?page_id=613"},"modified":"2023-10-29T19:51:09","modified_gmt":"2023-10-29T19:51:09","slug":"winterzauber","status":"publish","type":"page","link":"https:\/\/vallegaia.de\/Valle_Gaia\/winterzauber","title":{"rendered":"Winterzauber 2023"},"content":{"rendered":"\n<figure class=\"wp-block-image size-large\"><img loading=\"lazy\" decoding=\"async\" width=\"700\" height=\"1245\" src=\"http:\/\/vallegaia.de\/wp-content\/uploads\/2023\/10\/IMG_9724-700x1245.png\" alt=\"\" class=\"wp-image-1170\" srcset=\"https:\/\/vallegaia.de\/wp-content\/uploads\/2023\/10\/IMG_9724-700x1245.png 700w, https:\/\/vallegaia.de\/wp-content\/uploads\/2023\/10\/IMG_9724-337x600.png 337w, https:\/\/vallegaia.de\/wp-content\/uploads\/2023\/10\/IMG_9724-169x300.png 169w, https:\/\/vallegaia.de\/wp-content\/uploads\/2023\/10\/IMG_9724.png 750w\" sizes=\"auto, (max-width: 700px) 100vw, 700px\" \/><\/figure>\n\n\n\n<figure class=\"wp-block-image size-large\"><img loading=\"lazy\" decoding=\"async\" width=\"700\" height=\"700\" src=\"http:\/\/vallegaia.de\/wp-content\/uploads\/2023\/10\/IMG_9546-1-700x700.jpg\" alt=\"\" class=\"wp-image-1167\" srcset=\"https:\/\/vallegaia.de\/wp-content\/uploads\/2023\/10\/IMG_9546-1-700x700.jpg 700w, https:\/\/vallegaia.de\/wp-content\/uploads\/2023\/10\/IMG_9546-1-600x600.jpg 600w, https:\/\/vallegaia.de\/wp-content\/uploads\/2023\/10\/IMG_9546-1-300x300.jpg 300w, https:\/\/vallegaia.de\/wp-content\/uploads\/2023\/10\/IMG_9546-1-768x768.jpg 768w, https:\/\/vallegaia.de\/wp-content\/uploads\/2023\/10\/IMG_9546-1-1536x1536.jpg 1536w, https:\/\/vallegaia.de\/wp-content\/uploads\/2023\/10\/IMG_9546-1-2048x2048.jpg 2048w, https:\/\/vallegaia.de\/wp-content\/uploads\/2023\/10\/IMG_9546-1-800x800.jpg 800w\" sizes=\"auto, (max-width: 700px) 100vw, 700px\" \/><\/figure>\n\n\n\n<figure class=\"wp-block-image size-large\"><img loading=\"lazy\" decoding=\"async\" width=\"700\" height=\"394\" src=\"http:\/\/vallegaia.de\/wp-content\/uploads\/2023\/10\/IMG_9721-1-700x394.png\" alt=\"\" class=\"wp-image-1168\" srcset=\"https:\/\/vallegaia.de\/wp-content\/uploads\/2023\/10\/IMG_9721-1-700x394.png 700w, https:\/\/vallegaia.de\/wp-content\/uploads\/2023\/10\/IMG_9721-1-600x337.png 600w, https:\/\/vallegaia.de\/wp-content\/uploads\/2023\/10\/IMG_9721-1-300x169.png 300w, https:\/\/vallegaia.de\/wp-content\/uploads\/2023\/10\/IMG_9721-1-768x432.png 768w, https:\/\/vallegaia.de\/wp-content\/uploads\/2023\/10\/IMG_9721-1-800x450.png 800w, https:\/\/vallegaia.de\/wp-content\/uploads\/2023\/10\/IMG_9721-1.png 1334w\" sizes=\"auto, (max-width: 700px) 100vw, 700px\" \/><\/figure>\n\n\n\n<figure class=\"wp-block-image size-large\"><img loading=\"lazy\" decoding=\"async\" width=\"700\" height=\"394\" src=\"http:\/\/vallegaia.de\/wp-content\/uploads\/2023\/10\/IMG_9723-1-700x394.png\" alt=\"\" class=\"wp-image-1169\" srcset=\"https:\/\/vallegaia.de\/wp-content\/uploads\/2023\/10\/IMG_9723-1-700x394.png 700w, https:\/\/vallegaia.de\/wp-content\/uploads\/2023\/10\/IMG_9723-1-600x337.png 600w, https:\/\/vallegaia.de\/wp-content\/uploads\/2023\/10\/IMG_9723-1-300x169.png 300w, https:\/\/vallegaia.de\/wp-content\/uploads\/2023\/10\/IMG_9723-1-768x432.png 768w, https:\/\/vallegaia.de\/wp-content\/uploads\/2023\/10\/IMG_9723-1-800x450.png 800w, https:\/\/vallegaia.de\/wp-content\/uploads\/2023\/10\/IMG_9723-1.png 1334w\" sizes=\"auto, (max-width: 700px) 100vw, 700px\" \/><\/figure>\n\n\n\n<p><br><\/p>\n\n\n\n<p>Winterzauber 2022<\/p>\n\n\n<style>.kb-image613_03938e-40 .kb-image-has-overlay:after{opacity:0.3;}<\/style>\n<figure class=\"wp-block-kadence-image kb-image613_03938e-40 size-large\"><img loading=\"lazy\" decoding=\"async\" width=\"700\" height=\"525\" src=\"http:\/\/vallegaia.de\/wp-content\/uploads\/2022\/11\/IMG_7641-1-700x525.jpg\" alt=\"\" class=\"kb-img wp-image-618\" srcset=\"https:\/\/vallegaia.de\/wp-content\/uploads\/2022\/11\/IMG_7641-1-700x525.jpg 700w, https:\/\/vallegaia.de\/wp-content\/uploads\/2022\/11\/IMG_7641-1-600x450.jpg 600w, https:\/\/vallegaia.de\/wp-content\/uploads\/2022\/11\/IMG_7641-1-300x225.jpg 300w, https:\/\/vallegaia.de\/wp-content\/uploads\/2022\/11\/IMG_7641-1-768x576.jpg 768w, https:\/\/vallegaia.de\/wp-content\/uploads\/2022\/11\/IMG_7641-1-1536x1152.jpg 1536w, https:\/\/vallegaia.de\/wp-content\/uploads\/2022\/11\/IMG_7641-1-2048x1536.jpg 2048w, https:\/\/vallegaia.de\/wp-content\/uploads\/2022\/11\/IMG_7641-1-800x600.jpg 800w, https:\/\/vallegaia.de\/wp-content\/uploads\/2022\/11\/IMG_7641-1-80x60.jpg 80w\" sizes=\"auto, (max-width: 700px) 100vw, 700px\" \/><\/figure>\n\n\n<style>.wp-block-kadence-advancedheading.kt-adv-heading613_4efbfa-18, .wp-block-kadence-advancedheading.kt-adv-heading613_4efbfa-18[data-kb-block=\"kb-adv-heading613_4efbfa-18\"]{font-style:normal;}.wp-block-kadence-advancedheading.kt-adv-heading613_4efbfa-18 mark.kt-highlight, .wp-block-kadence-advancedheading.kt-adv-heading613_4efbfa-18[data-kb-block=\"kb-adv-heading613_4efbfa-18\"] mark.kt-highlight{font-style:normal;color:#f76a0c;-webkit-box-decoration-break:clone;box-decoration-break:clone;padding-top:0px;padding-right:0px;padding-bottom:0px;padding-left:0px;}.wp-block-kadence-advancedheading.kt-adv-heading613_4efbfa-18 img.kb-inline-image, .wp-block-kadence-advancedheading.kt-adv-heading613_4efbfa-18[data-kb-block=\"kb-adv-heading613_4efbfa-18\"] img.kb-inline-image{width:150px;vertical-align:baseline;}<\/style>\n<h2 class=\"kt-adv-heading613_4efbfa-18 wp-block-kadence-advancedheading\" data-kb-block=\"kb-adv-heading613_4efbfa-18\">Valle Gaias&nbsp;ganz besonderer <strong>Adventskalender&nbsp;<\/strong><\/h2>\n\n\n<style>.wp-block-kadence-advancedheading.kt-adv-heading613_901bee-9b, .wp-block-kadence-advancedheading.kt-adv-heading613_901bee-9b[data-kb-block=\"kb-adv-heading613_901bee-9b\"]{font-style:normal;}.wp-block-kadence-advancedheading.kt-adv-heading613_901bee-9b mark.kt-highlight, .wp-block-kadence-advancedheading.kt-adv-heading613_901bee-9b[data-kb-block=\"kb-adv-heading613_901bee-9b\"] mark.kt-highlight{font-style:normal;color:#f76a0c;-webkit-box-decoration-break:clone;box-decoration-break:clone;padding-top:0px;padding-right:0px;padding-bottom:0px;padding-left:0px;}.wp-block-kadence-advancedheading.kt-adv-heading613_901bee-9b img.kb-inline-image, .wp-block-kadence-advancedheading.kt-adv-heading613_901bee-9b[data-kb-block=\"kb-adv-heading613_901bee-9b\"] img.kb-inline-image{width:150px;vertical-align:baseline;}<\/style>\n<h2 class=\"kt-adv-heading613_901bee-9b wp-block-kadence-advancedheading\" data-kb-block=\"kb-adv-heading613_901bee-9b\">(auf Fotopaneele DIN A5)&nbsp;zum Verschenken oder&nbsp;f\u00fcr Dich selbst.<br>&nbsp;<br>Kraftvolle Wahr-Werde-Worte&nbsp;durch die besonders magische, zauberhafte Weihnachtszeit hindurch und nat\u00fcrlich auch noch f\u00fcr weit dar\u00fcber hinaus. Du erh\u00e4ltst ihn (rechtzeitig bei rechtzeitiger Bestellung) f\u00fcr einen kleinen Energieausgleich von 15,- (inkl. Versand)&nbsp;direkt von mir (via Post). <\/h2>\n\n\n<style>.wp-block-kadence-advancedheading.kt-adv-heading613_5ed30e-b5, .wp-block-kadence-advancedheading.kt-adv-heading613_5ed30e-b5[data-kb-block=\"kb-adv-heading613_5ed30e-b5\"]{font-style:normal;}.wp-block-kadence-advancedheading.kt-adv-heading613_5ed30e-b5 mark.kt-highlight, .wp-block-kadence-advancedheading.kt-adv-heading613_5ed30e-b5[data-kb-block=\"kb-adv-heading613_5ed30e-b5\"] mark.kt-highlight{font-style:normal;color:#f76a0c;-webkit-box-decoration-break:clone;box-decoration-break:clone;padding-top:0px;padding-right:0px;padding-bottom:0px;padding-left:0px;}.wp-block-kadence-advancedheading.kt-adv-heading613_5ed30e-b5 img.kb-inline-image, .wp-block-kadence-advancedheading.kt-adv-heading613_5ed30e-b5[data-kb-block=\"kb-adv-heading613_5ed30e-b5\"] img.kb-inline-image{width:150px;vertical-align:baseline;}<\/style>\n<h2 class=\"kt-adv-heading613_5ed30e-b5 wp-block-kadence-advancedheading\" data-kb-block=\"kb-adv-heading613_5ed30e-b5\">Schreib mir gern eine kurze Mail an Svenja@vallegaia.de <\/h2>\n\n\n\n<figure class=\"wp-block-image size-large is-resized\"><img loading=\"lazy\" decoding=\"async\" width=\"700\" height=\"933\" src=\"http:\/\/vallegaia.de\/wp-content\/uploads\/2022\/11\/IMG_7652-700x933.jpg\" alt=\"\" class=\"wp-image-614\" style=\"width:700px;height:933px\" srcset=\"https:\/\/vallegaia.de\/wp-content\/uploads\/2022\/11\/IMG_7652-700x933.jpg 700w, https:\/\/vallegaia.de\/wp-content\/uploads\/2022\/11\/IMG_7652-450x600.jpg 450w, https:\/\/vallegaia.de\/wp-content\/uploads\/2022\/11\/IMG_7652-225x300.jpg 225w, https:\/\/vallegaia.de\/wp-content\/uploads\/2022\/11\/IMG_7652-768x1024.jpg 768w, https:\/\/vallegaia.de\/wp-content\/uploads\/2022\/11\/IMG_7652-1152x1536.jpg 1152w, https:\/\/vallegaia.de\/wp-content\/uploads\/2022\/11\/IMG_7652-1536x2048.jpg 1536w, https:\/\/vallegaia.de\/wp-content\/uploads\/2022\/11\/IMG_7652-800x1067.jpg 800w, https:\/\/vallegaia.de\/wp-content\/uploads\/2022\/11\/IMG_7652-scaled.jpg 1920w\" sizes=\"auto, (max-width: 700px) 100vw, 700px\" \/><\/figure>\n\n\n\n<p><\/p>\n\n\n\n<figure class=\"wp-block-image size-large\"><img loading=\"lazy\" decoding=\"async\" width=\"700\" height=\"1061\" src=\"http:\/\/vallegaia.de\/wp-content\/uploads\/2022\/11\/IMG_7660-700x1061.jpg\" alt=\"\" class=\"wp-image-628\" srcset=\"https:\/\/vallegaia.de\/wp-content\/uploads\/2022\/11\/IMG_7660-700x1061.jpg 700w, https:\/\/vallegaia.de\/wp-content\/uploads\/2022\/11\/IMG_7660-396x600.jpg 396w, https:\/\/vallegaia.de\/wp-content\/uploads\/2022\/11\/IMG_7660-198x300.jpg 198w, https:\/\/vallegaia.de\/wp-content\/uploads\/2022\/11\/IMG_7660-768x1165.jpg 768w, https:\/\/vallegaia.de\/wp-content\/uploads\/2022\/11\/IMG_7660-1013x1536.jpg 1013w, https:\/\/vallegaia.de\/wp-content\/uploads\/2022\/11\/IMG_7660-800x1213.jpg 800w, https:\/\/vallegaia.de\/wp-content\/uploads\/2022\/11\/IMG_7660.jpg 1319w\" sizes=\"auto, (max-width: 700px) 100vw, 700px\" \/><\/figure>\n\n\n\n<p><\/p>\n\n\n\n<p><\/p>\n\n\n\n<figure class=\"wp-block-gallery has-nested-images columns-default is-cropped wp-block-gallery-2 is-layout-flex wp-block-gallery-is-layout-flex\">\n<figure class=\"wp-block-image size-large\"><img loading=\"lazy\" decoding=\"async\" width=\"700\" height=\"933\" data-id=\"617\" src=\"http:\/\/vallegaia.de\/wp-content\/uploads\/2022\/11\/IMG_7642-700x933.jpg\" alt=\"\" class=\"wp-image-617\" srcset=\"https:\/\/vallegaia.de\/wp-content\/uploads\/2022\/11\/IMG_7642-700x933.jpg 700w, https:\/\/vallegaia.de\/wp-content\/uploads\/2022\/11\/IMG_7642-450x600.jpg 450w, https:\/\/vallegaia.de\/wp-content\/uploads\/2022\/11\/IMG_7642-225x300.jpg 225w, https:\/\/vallegaia.de\/wp-content\/uploads\/2022\/11\/IMG_7642-768x1024.jpg 768w, https:\/\/vallegaia.de\/wp-content\/uploads\/2022\/11\/IMG_7642-1152x1536.jpg 1152w, https:\/\/vallegaia.de\/wp-content\/uploads\/2022\/11\/IMG_7642-1536x2048.jpg 1536w, https:\/\/vallegaia.de\/wp-content\/uploads\/2022\/11\/IMG_7642-800x1067.jpg 800w, https:\/\/vallegaia.de\/wp-content\/uploads\/2022\/11\/IMG_7642-scaled.jpg 1920w\" sizes=\"auto, (max-width: 700px) 100vw, 700px\" \/><\/figure>\n\n\n\n<figure class=\"wp-block-image size-large\"><img loading=\"lazy\" decoding=\"async\" width=\"700\" height=\"525\" data-id=\"615\" src=\"http:\/\/vallegaia.de\/wp-content\/uploads\/2022\/11\/IMG_7645-700x525.jpg\" alt=\"\" class=\"wp-image-615\" srcset=\"https:\/\/vallegaia.de\/wp-content\/uploads\/2022\/11\/IMG_7645-700x525.jpg 700w, https:\/\/vallegaia.de\/wp-content\/uploads\/2022\/11\/IMG_7645-600x450.jpg 600w, https:\/\/vallegaia.de\/wp-content\/uploads\/2022\/11\/IMG_7645-300x225.jpg 300w, https:\/\/vallegaia.de\/wp-content\/uploads\/2022\/11\/IMG_7645-768x576.jpg 768w, https:\/\/vallegaia.de\/wp-content\/uploads\/2022\/11\/IMG_7645-1536x1152.jpg 1536w, https:\/\/vallegaia.de\/wp-content\/uploads\/2022\/11\/IMG_7645-2048x1536.jpg 2048w, https:\/\/vallegaia.de\/wp-content\/uploads\/2022\/11\/IMG_7645-800x600.jpg 800w, https:\/\/vallegaia.de\/wp-content\/uploads\/2022\/11\/IMG_7645-80x60.jpg 80w\" sizes=\"auto, (max-width: 700px) 100vw, 700px\" \/><\/figure>\n<\/figure>\n","protected":false},"excerpt":{"rendered":"<p>Winterzauber 2022 Valle Gaias&nbsp;ganz besonderer Adventskalender&nbsp; (auf Fotopaneele DIN A5)&nbsp;zum Verschenken oder&nbsp;f\u00fcr Dich selbst.&nbsp;Kraftvolle Wahr-Werde-Worte&nbsp;durch die besonders magische, zauberhafte Weihnachtszeit hindurch und nat\u00fcrlich auch noch f\u00fcr weit dar\u00fcber hinaus. Du erh\u00e4ltst ihn (rechtzeitig bei rechtzeitiger Bestellung) f\u00fcr einen kleinen Energieausgleich von 15,- (inkl. Versand)&nbsp;direkt von mir (via Post). Schreib mir gern eine kurze Mail an&#8230;<\/p>\n","protected":false},"author":1,"featured_media":0,"parent":0,"menu_order":0,"comment_status":"closed","ping_status":"closed","template":"","meta":{"footnotes":""},"class_list":["post-613","page","type-page","status-publish","hentry"],"_links":{"self":[{"href":"https:\/\/vallegaia.de\/Valle_Gaia\/wp-json\/wp\/v2\/pages\/613","targetHints":{"allow":["GET"]}}],"collection":[{"href":"https:\/\/vallegaia.de\/Valle_Gaia\/wp-json\/wp\/v2\/pages"}],"about":[{"href":"https:\/\/vallegaia.de\/Valle_Gaia\/wp-json\/wp\/v2\/types\/page"}],"author":[{"embeddable":true,"href":"https:\/\/vallegaia.de\/Valle_Gaia\/wp-json\/wp\/v2\/users\/1"}],"replies":[{"embeddable":true,"href":"https:\/\/vallegaia.de\/Valle_Gaia\/wp-json\/wp\/v2\/comments?post=613"}],"version-history":[{"count":8,"href":"https:\/\/vallegaia.de\/Valle_Gaia\/wp-json\/wp\/v2\/pages\/613\/revisions"}],"predecessor-version":[{"id":1289,"href":"https:\/\/vallegaia.de\/Valle_Gaia\/wp-json\/wp\/v2\/pages\/613\/revisions\/1289"}],"wp:attachment":[{"href":"https:\/\/vallegaia.de\/Valle_Gaia\/wp-json\/wp\/v2\/media?parent=613"}],"curies":[{"name":"wp","href":"https:\/\/api.w.org\/{rel}","templated":true}]}}