{"id":624,"date":"2022-11-09T09:44:04","date_gmt":"2022-11-09T09:44:04","guid":{"rendered":"http:\/\/vallegaia.de\/Valle_Gaia\/?page_id=624"},"modified":"2023-06-19T21:34:51","modified_gmt":"2023-06-19T21:34:51","slug":"bei-youtube","status":"publish","type":"page","link":"https:\/\/vallegaia.de\/Valle_Gaia\/bei-youtube","title":{"rendered":"bei YouTube"},"content":{"rendered":"\n<p>Hier kommt ihr direkt zu meinem YouTube Kanal. Ich freue mich sehr \u00fcber jedes Abonnieren und jeden lieben Daumen f\u00fcr das ein oder andere Video. Ganz herzlichen Dank!<\/p>\n\n\n\n<p><a href=\"https:\/\/www.youtube.com\/@svenjalauer-hohenstein\">https:\/\/www.youtube.com\/@svenjalauer-hohenstein<\/a><\/p>\n\n\n\n<figure class=\"wp-block-embed is-type-video is-provider-youtube wp-block-embed-youtube wp-embed-aspect-4-3 wp-has-aspect-ratio\"><div class=\"wp-block-embed__wrapper\">\n<iframe loading=\"lazy\" hcb-fetch-image-from=\"https:\/\/youtu.be\/alQa0vn9L1A\" title=\"Valle Gaias liebevolle Lebensinspirationen ~ Die Idee Teil 2\" width=\"700\" height=\"525\" src=\"https:\/\/www.youtube.com\/embed\/alQa0vn9L1A?feature=oembed\" frameborder=\"0\" allow=\"accelerometer; autoplay; clipboard-write; encrypted-media; gyroscope; picture-in-picture; web-share\" allowfullscreen><\/iframe>\n<\/div><figcaption class=\"wp-element-caption\">Liebevolle Lebensinspirationen ~ Die Idee Teil 2<\/figcaption><\/figure>\n\n\n\n<figure class=\"wp-block-embed is-type-video is-provider-youtube wp-block-embed-youtube wp-embed-aspect-4-3 wp-has-aspect-ratio\"><div class=\"wp-block-embed__wrapper\">\n<iframe loading=\"lazy\" hcb-fetch-image-from=\"https:\/\/youtu.be\/QeDbhPjeFHs\" title=\"Valle Gaias liebevolle Lebensinspirationen ~ Die Idee\" width=\"700\" height=\"525\" src=\"https:\/\/www.youtube.com\/embed\/QeDbhPjeFHs?feature=oembed\" frameborder=\"0\" allow=\"accelerometer; autoplay; clipboard-write; encrypted-media; gyroscope; picture-in-picture; web-share\" allowfullscreen><\/iframe>\n<\/div><figcaption class=\"wp-element-caption\">Liebevolle Lebensinspirationen ~ Die Idee<\/figcaption><\/figure>\n\n\n\n<figure class=\"wp-block-embed is-type-video is-provider-youtube wp-block-embed-youtube wp-embed-aspect-16-9 wp-has-aspect-ratio\"><div class=\"wp-block-embed__wrapper\">\n<iframe loading=\"lazy\" hcb-fetch-image-from=\"https:\/\/youtu.be\/dba79Oo3Rfo\" title=\"Valle Gaia - Erwachtes Lebenstanzgl\u00fcck\" width=\"700\" height=\"394\" src=\"https:\/\/www.youtube.com\/embed\/dba79Oo3Rfo?feature=oembed\" frameborder=\"0\" allow=\"accelerometer; autoplay; clipboard-write; encrypted-media; gyroscope; picture-in-picture; web-share\" allowfullscreen><\/iframe>\n<\/div><figcaption class=\"wp-element-caption\">Erwachtes Lebenstanzgl\u00fcck<\/figcaption><\/figure>\n\n\n\n<figure class=\"wp-block-embed is-type-video is-provider-youtube wp-block-embed-youtube wp-embed-aspect-16-9 wp-has-aspect-ratio\"><div class=\"wp-block-embed__wrapper\">\n<iframe loading=\"lazy\" hcb-fetch-image-from=\"https:\/\/youtube.com\/shorts\/P8eu2ypbzak?feature=share\" title=\"Valle Gaia &amp; Svenja (Komme mit! In deine wundersch\u00f6ne inner\u00e4u\u00dfere Welt)\" width=\"700\" height=\"394\" src=\"https:\/\/www.youtube.com\/embed\/P8eu2ypbzak?feature=oembed\" frameborder=\"0\" allow=\"accelerometer; autoplay; clipboard-write; encrypted-media; gyroscope; picture-in-picture; web-share\" allowfullscreen><\/iframe>\n<\/div><figcaption class=\"wp-element-caption\">Komme mit! In deine wundersch\u00f6ne inner\u00e4u\u00dfere Welt<\/figcaption><\/figure>\n\n\n\n<figure class=\"wp-block-embed is-type-video is-provider-youtube wp-block-embed-youtube wp-embed-aspect-16-9 wp-has-aspect-ratio\"><div class=\"wp-block-embed__wrapper\">\n<iframe loading=\"lazy\" hcb-fetch-image-from=\"https:\/\/youtube.com\/shorts\/cIZ0jioPYLo?feature=share\" title=\"Valle Gaias Wunder-volles Jetzt ~ Just bee\" width=\"700\" height=\"394\" src=\"https:\/\/www.youtube.com\/embed\/cIZ0jioPYLo?feature=oembed\" frameborder=\"0\" allow=\"accelerometer; autoplay; clipboard-write; encrypted-media; gyroscope; picture-in-picture; web-share\" allowfullscreen><\/iframe>\n<\/div><\/figure>\n\n\n\n<p><\/p>\n\n\n\n<figure class=\"wp-block-embed is-type-video is-provider-youtube wp-block-embed-youtube wp-embed-aspect-16-9 wp-has-aspect-ratio\"><div class=\"wp-block-embed__wrapper\">\n<iframe loading=\"lazy\" hcb-fetch-image-from=\"https:\/\/youtube.com\/shorts\/G3qRkCMaxV8?feature=share\" title=\"Valle Gaias Wunder-volles Jetzt ~ Herzw\u00e4rme\" width=\"700\" height=\"394\" src=\"https:\/\/www.youtube.com\/embed\/G3qRkCMaxV8?feature=oembed\" frameborder=\"0\" allow=\"accelerometer; autoplay; clipboard-write; encrypted-media; gyroscope; picture-in-picture; web-share\" allowfullscreen><\/iframe>\n<\/div><\/figure>\n\n\n\n<p><\/p>\n\n\n\n<figure class=\"wp-block-embed is-type-video is-provider-youtube wp-block-embed-youtube wp-embed-aspect-16-9 wp-has-aspect-ratio\"><div class=\"wp-block-embed__wrapper\">\n<iframe loading=\"lazy\" hcb-fetch-image-from=\"https:\/\/youtube.com\/shorts\/H3XUYRbdny8?feature=share\" title=\"Valle Gaias Wunder-volles Jetzt ~ Lebenstanzfreuden\" width=\"700\" height=\"394\" src=\"https:\/\/www.youtube.com\/embed\/H3XUYRbdny8?feature=oembed\" frameborder=\"0\" allow=\"accelerometer; autoplay; clipboard-write; encrypted-media; gyroscope; picture-in-picture; web-share\" allowfullscreen><\/iframe>\n<\/div><\/figure>\n\n\n\n<p><\/p>\n\n\n\n<figure class=\"wp-block-embed is-type-video is-provider-youtube wp-block-embed-youtube wp-embed-aspect-16-9 wp-has-aspect-ratio\"><div class=\"wp-block-embed__wrapper\">\n<iframe loading=\"lazy\" hcb-fetch-image-from=\"https:\/\/youtube.com\/shorts\/GBGv_TJg95Y?feature=share\" title=\"Valle Gaias Wunder-volles Jetzt ~ Fr\u00fchlingstr\u00e4umen\" width=\"700\" height=\"394\" src=\"https:\/\/www.youtube.com\/embed\/GBGv_TJg95Y?feature=oembed\" frameborder=\"0\" allow=\"accelerometer; autoplay; clipboard-write; encrypted-media; gyroscope; picture-in-picture; web-share\" allowfullscreen><\/iframe>\n<\/div><\/figure>\n\n\n\n<p><\/p>\n\n\n\n<figure class=\"wp-block-embed is-type-video is-provider-youtube wp-block-embed-youtube wp-embed-aspect-16-9 wp-has-aspect-ratio\"><div class=\"wp-block-embed__wrapper\">\n<iframe loading=\"lazy\" hcb-fetch-image-from=\"https:\/\/youtu.be\/WzT8-DgbL0Y\" title=\"Valle Gaias Wunder-volles Jetzt ~ Waldruhe (kurze Auszeit)\" width=\"700\" height=\"394\" src=\"https:\/\/www.youtube.com\/embed\/WzT8-DgbL0Y?feature=oembed\" frameborder=\"0\" allow=\"accelerometer; autoplay; clipboard-write; encrypted-media; gyroscope; picture-in-picture; web-share\" allowfullscreen><\/iframe>\n<\/div><\/figure>\n\n\n\n<p><\/p>\n\n\n\n<figure class=\"wp-block-embed is-type-rich is-provider-handler-einbetten wp-block-embed-handler-einbetten wp-embed-aspect-16-9 wp-has-aspect-ratio\"><div class=\"wp-block-embed__wrapper\">\n<iframe loading=\"lazy\" hcb-fetch-image-from=\"https:\/\/youtube.com\/watch?v=1Ug8WkjYQh0\" title=\"Valle Gaia - Deine Seelenmutter\" width=\"700\" height=\"394\" src=\"https:\/\/www.youtube.com\/embed\/1Ug8WkjYQh0?feature=oembed\" frameborder=\"0\" allow=\"accelerometer; autoplay; clipboard-write; encrypted-media; gyroscope; picture-in-picture; web-share\" allowfullscreen><\/iframe>\n<\/div><\/figure>\n\n\n\n<figure class=\"wp-block-embed is-type-rich is-provider-handler-einbetten wp-block-embed-handler-einbetten wp-embed-aspect-16-9 wp-has-aspect-ratio\"><div class=\"wp-block-embed__wrapper\">\n<iframe loading=\"lazy\" hcb-fetch-image-from=\"https:\/\/youtube.com\/watch?v=XQ3sbnKcgzw\" title=\"Valle Gaia - Dein Zaubersee des Gl\u00fccks\" width=\"700\" height=\"394\" src=\"https:\/\/www.youtube.com\/embed\/XQ3sbnKcgzw?feature=oembed\" frameborder=\"0\" allow=\"accelerometer; autoplay; clipboard-write; encrypted-media; gyroscope; picture-in-picture; web-share\" allowfullscreen><\/iframe>\n<\/div><\/figure>\n","protected":false},"excerpt":{"rendered":"<p>Hier kommt ihr direkt zu meinem YouTube Kanal. Ich freue mich sehr \u00fcber jedes Abonnieren und jeden lieben Daumen f\u00fcr das ein oder andere Video. Ganz herzlichen Dank! https:\/\/www.youtube.com\/@svenjalauer-hohenstein<\/p>\n","protected":false},"author":1,"featured_media":0,"parent":0,"menu_order":0,"comment_status":"closed","ping_status":"closed","template":"","meta":{"footnotes":""},"class_list":["post-624","page","type-page","status-publish","hentry"],"_links":{"self":[{"href":"https:\/\/vallegaia.de\/Valle_Gaia\/wp-json\/wp\/v2\/pages\/624","targetHints":{"allow":["GET"]}}],"collection":[{"href":"https:\/\/vallegaia.de\/Valle_Gaia\/wp-json\/wp\/v2\/pages"}],"about":[{"href":"https:\/\/vallegaia.de\/Valle_Gaia\/wp-json\/wp\/v2\/types\/page"}],"author":[{"embeddable":true,"href":"https:\/\/vallegaia.de\/Valle_Gaia\/wp-json\/wp\/v2\/users\/1"}],"replies":[{"embeddable":true,"href":"https:\/\/vallegaia.de\/Valle_Gaia\/wp-json\/wp\/v2\/comments?post=624"}],"version-history":[{"count":12,"href":"https:\/\/vallegaia.de\/Valle_Gaia\/wp-json\/wp\/v2\/pages\/624\/revisions"}],"predecessor-version":[{"id":1333,"href":"https:\/\/vallegaia.de\/Valle_Gaia\/wp-json\/wp\/v2\/pages\/624\/revisions\/1333"}],"wp:attachment":[{"href":"https:\/\/vallegaia.de\/Valle_Gaia\/wp-json\/wp\/v2\/media?parent=624"}],"curies":[{"name":"wp","href":"https:\/\/api.w.org\/{rel}","templated":true}]}}